{"id":13117,"date":"2022-11-10T20:06:39","date_gmt":"2022-11-10T18:06:39","guid":{"rendered":"https:\/\/mebelunams.lv\/?post_type=product&#038;p=13117"},"modified":"2022-11-10T20:11:01","modified_gmt":"2022-11-10T18:11:01","slug":"kresls-slash","status":"publish","type":"product","link":"https:\/\/mebelunams.lv\/?product=kresls-slash","title":{"rendered":"kr\u0113sls Slash"},"content":{"rendered":"<p>Preci iesp\u0113jams pas\u016bt\u012bt, zvanot uz tel. 20207488, vai ieg\u0101d\u0101ties veikal\u0101 Maskavas iel\u0101 322.<\/p>\n","protected":false},"excerpt":{"rendered":"<p><strong>\u2192 (platums)<\/strong> : 44 cm<\/p>\n<p><strong>\u2191 (augstums)<\/strong> : 88 cm<\/p>\n<p><strong>\/ (dzi\u013cums)<\/strong> : 45 cm<\/p>\n<p>&nbsp;<\/p>\n","protected":false},"featured_media":13119,"template":"","meta":{"neve_meta_sidebar":"","neve_meta_container":"","neve_meta_enable_content_width":"off","neve_meta_content_width":70,"neve_meta_title_alignment":"","neve_meta_author_avatar":"","neve_post_elements_order":"","neve_meta_disable_header":"","neve_meta_disable_footer":"","neve_meta_disable_title":""},"product_cat":[46],"product_tag":[],"_links":{"self":[{"href":"https:\/\/mebelunams.lv\/index.php?rest_route=\/wp\/v2\/product\/13117"}],"collection":[{"href":"https:\/\/mebelunams.lv\/index.php?rest_route=\/wp\/v2\/product"}],"about":[{"href":"https:\/\/mebelunams.lv\/index.php?rest_route=\/wp\/v2\/types\/product"}],"wp:featuredmedia":[{"embeddable":true,"href":"https:\/\/mebelunams.lv\/index.php?rest_route=\/wp\/v2\/media\/13119"}],"wp:attachment":[{"href":"https:\/\/mebelunams.lv\/index.php?rest_route=%2Fwp%2Fv2%2Fmedia&parent=13117"}],"wp:term":[{"taxonomy":"product_cat","embeddable":true,"href":"https:\/\/mebelunams.lv\/index.php?rest_route=%2Fwp%2Fv2%2Fproduct_cat&post=13117"},{"taxonomy":"product_tag","embeddable":true,"href":"https:\/\/mebelunams.lv\/index.php?rest_route=%2Fwp%2Fv2%2Fproduct_tag&post=13117"}],"curies":[{"name":"wp","href":"https:\/\/api.w.org\/{rel}","templated":true}]}}