{"id":12976,"date":"2022-11-02T20:45:42","date_gmt":"2022-11-02T18:45:42","guid":{"rendered":"https:\/\/mebelunams.lv\/?post_type=product&#038;p=12976"},"modified":"2022-11-02T20:53:22","modified_gmt":"2022-11-02T18:53:22","slug":"gulta-zane-200-x-200","status":"publish","type":"product","link":"https:\/\/mebelunams.lv\/?product=gulta-zane-200-x-200","title":{"rendered":"gulta Zane 200 X 200"},"content":{"rendered":"","protected":false},"excerpt":{"rendered":"<p>B\u0113rza koka gulta Zane. Ra\u017eota Latvij\u0101. Kvalitat\u012bva, dro\u0161a un nep\u0101rsp\u0113jama iztur\u012bb\u0101. Divas regul\u0113jamas atbalsta k\u0101jas pa vidu<\/p>\n<p><strong>Standarta izm\u0113ri(matracim):<\/strong> 200 x 200cm<\/p>\n<table width=\"357\">\n<tbody>\n<tr>\n<td width=\"121\">90 X 200 cm<\/td>\n<td width=\"53\">513<\/td>\n<td width=\"82\">ton\u0113\u0161ana<\/td>\n<td width=\"64\">39<\/td>\n<\/tr>\n<tr>\n<td>120 X 200 cm<\/td>\n<td>573<\/td>\n<td>ton\u0113\u0161ana<\/td>\n<td>36<\/td>\n<\/tr>\n<tr>\n<td>140 X 200 cm<\/td>\n<td>609<\/td>\n<td>ton\u0113\u0161ana<\/td>\n<td>42<\/td>\n<\/tr>\n<tr>\n<td>160 X 200 cm<\/td>\n<td>629<\/td>\n<td>ton\u0113\u0161ana<\/td>\n<td>41<\/td>\n<\/tr>\n<tr>\n<td>180 X 200 cm<\/td>\n<td>670<\/td>\n<td>ton\u0113\u0161ana<\/td>\n<td>39<\/td>\n<\/tr>\n<tr>\n<td>200 X 200 cm<\/td>\n<td>710<\/td>\n<td>ton\u0113\u0161ana<\/td>\n<td>25<\/td>\n<\/tr>\n<\/tbody>\n<\/table>\n<p>&nbsp;<\/p>\n<p>Komplekt\u0101 ietilpst: Gultas karkass, matra\u010da l\u012bstes, furnit\u016bra, salik\u0161anas instrukcija.<\/p>\n<p>Pieejama sekojo\u0161os kr\u0101su to\u0146os: Dab\u012bgi lakota; Balin\u0101ta (piens); Medus; Buks; Ozols; Gai\u0161s rieksts, Tum\u0161s rieksts, Sarkankoks (mahagons), k\u0101 ar\u012b citos p\u0113c pas\u016bt\u012bjuma.<\/p>\n","protected":false},"featured_media":9195,"template":"","meta":{"neve_meta_sidebar":"","neve_meta_container":"","neve_meta_enable_content_width":"off","neve_meta_content_width":70,"neve_meta_title_alignment":"","neve_meta_author_avatar":"","neve_post_elements_order":"","neve_meta_disable_header":"","neve_meta_disable_footer":"","neve_meta_disable_title":""},"product_cat":[3334],"product_tag":[],"_links":{"self":[{"href":"https:\/\/mebelunams.lv\/index.php?rest_route=\/wp\/v2\/product\/12976"}],"collection":[{"href":"https:\/\/mebelunams.lv\/index.php?rest_route=\/wp\/v2\/product"}],"about":[{"href":"https:\/\/mebelunams.lv\/index.php?rest_route=\/wp\/v2\/types\/product"}],"wp:featuredmedia":[{"embeddable":true,"href":"https:\/\/mebelunams.lv\/index.php?rest_route=\/wp\/v2\/media\/9195"}],"wp:attachment":[{"href":"https:\/\/mebelunams.lv\/index.php?rest_route=%2Fwp%2Fv2%2Fmedia&parent=12976"}],"wp:term":[{"taxonomy":"product_cat","embeddable":true,"href":"https:\/\/mebelunams.lv\/index.php?rest_route=%2Fwp%2Fv2%2Fproduct_cat&post=12976"},{"taxonomy":"product_tag","embeddable":true,"href":"https:\/\/mebelunams.lv\/index.php?rest_route=%2Fwp%2Fv2%2Fproduct_tag&post=12976"}],"curies":[{"name":"wp","href":"https:\/\/api.w.org\/{rel}","templated":true}]}}