{"id":12537,"date":"2022-08-19T16:33:24","date_gmt":"2022-08-19T14:33:24","guid":{"rendered":"https:\/\/mebelunams.lv\/?post_type=product&#038;p=12537"},"modified":"2022-08-19T16:40:34","modified_gmt":"2022-08-19T14:40:34","slug":"rotaslietu-organizators","status":"publish","type":"product","link":"https:\/\/mebelunams.lv\/?product=rotaslietu-organizators","title":{"rendered":"rotaslietu organizators"},"content":{"rendered":"<p>Preci iesp\u0113jams pas\u016bt\u012bt, zvanot uz tel. 20207488, vai ieg\u0101d\u0101ties veikal\u0101 Maskavas iel\u0101 322.<\/p>\n","protected":false},"excerpt":{"rendered":"<p>Preci iesp\u0113jams pas\u016bt\u012bt, zvanot uz tel. 20207488, vai ieg\u0101d\u0101ties veikal\u0101 Maskavas iel\u0101 322.<\/p>\n","protected":false},"featured_media":12539,"template":"","meta":{"neve_meta_sidebar":"","neve_meta_container":"","neve_meta_enable_content_width":"off","neve_meta_content_width":70,"neve_meta_title_alignment":"","neve_meta_author_avatar":"","neve_post_elements_order":"","neve_meta_disable_header":"","neve_meta_disable_footer":"","neve_meta_disable_title":""},"product_cat":[806],"product_tag":[],"_links":{"self":[{"href":"https:\/\/mebelunams.lv\/index.php?rest_route=\/wp\/v2\/product\/12537"}],"collection":[{"href":"https:\/\/mebelunams.lv\/index.php?rest_route=\/wp\/v2\/product"}],"about":[{"href":"https:\/\/mebelunams.lv\/index.php?rest_route=\/wp\/v2\/types\/product"}],"wp:featuredmedia":[{"embeddable":true,"href":"https:\/\/mebelunams.lv\/index.php?rest_route=\/wp\/v2\/media\/12539"}],"wp:attachment":[{"href":"https:\/\/mebelunams.lv\/index.php?rest_route=%2Fwp%2Fv2%2Fmedia&parent=12537"}],"wp:term":[{"taxonomy":"product_cat","embeddable":true,"href":"https:\/\/mebelunams.lv\/index.php?rest_route=%2Fwp%2Fv2%2Fproduct_cat&post=12537"},{"taxonomy":"product_tag","embeddable":true,"href":"https:\/\/mebelunams.lv\/index.php?rest_route=%2Fwp%2Fv2%2Fproduct_tag&post=12537"}],"curies":[{"name":"wp","href":"https:\/\/api.w.org\/{rel}","templated":true}]}}