{"id":12500,"date":"2022-08-18T18:33:01","date_gmt":"2022-08-18T16:33:01","guid":{"rendered":"https:\/\/mebelunams.lv\/?post_type=product&#038;p=12500"},"modified":"2022-08-18T18:36:40","modified_gmt":"2022-08-18T16:36:40","slug":"prieksnama-iekarta-lenon","status":"publish","type":"product","link":"https:\/\/mebelunams.lv\/?product=prieksnama-iekarta-lenon","title":{"rendered":"priek\u0161nama iek\u0101rta Lenon"},"content":{"rendered":"<p>Preci iesp\u0113jams pas\u016bt\u012bt, zvanot uz tel. 20207488, vai ieg\u0101d\u0101ties veikal\u0101 Maskavas iel\u0101 322.<\/p>\n","protected":false},"excerpt":{"rendered":"<p>Kr\u0101sa &#8211; balta \/ sonomas ozols<\/p>\n","protected":false},"featured_media":12502,"template":"","meta":{"neve_meta_sidebar":"","neve_meta_container":"","neve_meta_enable_content_width":"off","neve_meta_content_width":70,"neve_meta_title_alignment":"","neve_meta_author_avatar":"","neve_post_elements_order":"","neve_meta_disable_header":"","neve_meta_disable_footer":"","neve_meta_disable_title":""},"product_cat":[74],"product_tag":[],"_links":{"self":[{"href":"https:\/\/mebelunams.lv\/index.php?rest_route=\/wp\/v2\/product\/12500"}],"collection":[{"href":"https:\/\/mebelunams.lv\/index.php?rest_route=\/wp\/v2\/product"}],"about":[{"href":"https:\/\/mebelunams.lv\/index.php?rest_route=\/wp\/v2\/types\/product"}],"wp:featuredmedia":[{"embeddable":true,"href":"https:\/\/mebelunams.lv\/index.php?rest_route=\/wp\/v2\/media\/12502"}],"wp:attachment":[{"href":"https:\/\/mebelunams.lv\/index.php?rest_route=%2Fwp%2Fv2%2Fmedia&parent=12500"}],"wp:term":[{"taxonomy":"product_cat","embeddable":true,"href":"https:\/\/mebelunams.lv\/index.php?rest_route=%2Fwp%2Fv2%2Fproduct_cat&post=12500"},{"taxonomy":"product_tag","embeddable":true,"href":"https:\/\/mebelunams.lv\/index.php?rest_route=%2Fwp%2Fv2%2Fproduct_tag&post=12500"}],"curies":[{"name":"wp","href":"https:\/\/api.w.org\/{rel}","templated":true}]}}