{"id":12471,"date":"2022-08-12T10:41:44","date_gmt":"2022-08-12T08:41:44","guid":{"rendered":"https:\/\/mebelunams.lv\/?post_type=product&#038;p=12471"},"modified":"2022-08-12T10:41:44","modified_gmt":"2022-08-12T08:41:44","slug":"melnalksna-koka-plaukts","status":"publish","type":"product","link":"https:\/\/mebelunams.lv\/?product=melnalksna-koka-plaukts","title":{"rendered":"melnalk\u0161\u0146a koka plaukts"},"content":{"rendered":"<p>Preci iesp\u0113jams pas\u016bt\u012bt, zvanot uz tel. 20207488, vai ieg\u0101d\u0101ties veikal\u0101 Maskavas iel\u0101 322.<\/p>\n","protected":false},"excerpt":{"rendered":"<p><strong>\u2192 (platums)<\/strong> : 110 cm<\/p>\n<p><strong>\u2191 (augstums)<\/strong> : 200 cm<\/p>\n<p><strong>\/ (dzi\u013cums)<\/strong> : 30 cm<\/p>\n<p><strong>materi\u0101ls<\/strong>: koks<\/p>\n","protected":false},"featured_media":12472,"template":"","meta":{"neve_meta_sidebar":"","neve_meta_container":"","neve_meta_enable_content_width":"off","neve_meta_content_width":70,"neve_meta_title_alignment":"","neve_meta_author_avatar":"","neve_post_elements_order":"","neve_meta_disable_header":"","neve_meta_disable_footer":"","neve_meta_disable_title":""},"product_cat":[19],"product_tag":[],"_links":{"self":[{"href":"https:\/\/mebelunams.lv\/index.php?rest_route=\/wp\/v2\/product\/12471"}],"collection":[{"href":"https:\/\/mebelunams.lv\/index.php?rest_route=\/wp\/v2\/product"}],"about":[{"href":"https:\/\/mebelunams.lv\/index.php?rest_route=\/wp\/v2\/types\/product"}],"wp:featuredmedia":[{"embeddable":true,"href":"https:\/\/mebelunams.lv\/index.php?rest_route=\/wp\/v2\/media\/12472"}],"wp:attachment":[{"href":"https:\/\/mebelunams.lv\/index.php?rest_route=%2Fwp%2Fv2%2Fmedia&parent=12471"}],"wp:term":[{"taxonomy":"product_cat","embeddable":true,"href":"https:\/\/mebelunams.lv\/index.php?rest_route=%2Fwp%2Fv2%2Fproduct_cat&post=12471"},{"taxonomy":"product_tag","embeddable":true,"href":"https:\/\/mebelunams.lv\/index.php?rest_route=%2Fwp%2Fv2%2Fproduct_tag&post=12471"}],"curies":[{"name":"wp","href":"https:\/\/api.w.org\/{rel}","templated":true}]}}