{"id":12395,"date":"2022-08-10T13:45:10","date_gmt":"2022-08-10T11:45:10","guid":{"rendered":"https:\/\/mebelunams.lv\/?post_type=product&#038;p=12395"},"modified":"2022-08-10T13:58:16","modified_gmt":"2022-08-10T11:58:16","slug":"sienas-komplekts-moset-triangle","status":"publish","type":"product","link":"https:\/\/mebelunams.lv\/?product=sienas-komplekts-moset-triangle","title":{"rendered":"sienas plauktu komplekts Moset Triangle"},"content":{"rendered":"<p>Preci iesp\u0113jams pas\u016bt\u012bt, zvanot uz tel. 20207488, vai ieg\u0101d\u0101ties veikal\u0101 Maskavas iel\u0101 322.<\/p>\n","protected":false},"excerpt":{"rendered":"<p>&nbsp;<\/p>\n<p>&nbsp;<\/p>\n<p>&nbsp;<\/p>\n","protected":false},"featured_media":12397,"template":"","meta":{"neve_meta_sidebar":"","neve_meta_container":"","neve_meta_enable_content_width":"off","neve_meta_content_width":70,"neve_meta_title_alignment":"","neve_meta_author_avatar":"","neve_post_elements_order":"","neve_meta_disable_header":"","neve_meta_disable_footer":"","neve_meta_disable_title":""},"product_cat":[19],"product_tag":[],"_links":{"self":[{"href":"https:\/\/mebelunams.lv\/index.php?rest_route=\/wp\/v2\/product\/12395"}],"collection":[{"href":"https:\/\/mebelunams.lv\/index.php?rest_route=\/wp\/v2\/product"}],"about":[{"href":"https:\/\/mebelunams.lv\/index.php?rest_route=\/wp\/v2\/types\/product"}],"wp:featuredmedia":[{"embeddable":true,"href":"https:\/\/mebelunams.lv\/index.php?rest_route=\/wp\/v2\/media\/12397"}],"wp:attachment":[{"href":"https:\/\/mebelunams.lv\/index.php?rest_route=%2Fwp%2Fv2%2Fmedia&parent=12395"}],"wp:term":[{"taxonomy":"product_cat","embeddable":true,"href":"https:\/\/mebelunams.lv\/index.php?rest_route=%2Fwp%2Fv2%2Fproduct_cat&post=12395"},{"taxonomy":"product_tag","embeddable":true,"href":"https:\/\/mebelunams.lv\/index.php?rest_route=%2Fwp%2Fv2%2Fproduct_tag&post=12395"}],"curies":[{"name":"wp","href":"https:\/\/api.w.org\/{rel}","templated":true}]}}