{"id":12101,"date":"2022-07-11T15:36:52","date_gmt":"2022-07-11T13:36:52","guid":{"rendered":"https:\/\/mebelunams.lv\/?post_type=product&#038;p=12101"},"modified":"2024-01-30T14:57:05","modified_gmt":"2024-01-30T12:57:05","slug":"matracis-ergo-180-x-200","status":"publish","type":"product","link":"https:\/\/mebelunams.lv\/?product=matracis-ergo-180-x-200","title":{"rendered":"matracis Ergo 180 X 200"},"content":{"rendered":"<p>Preci iesp\u0113jams pas\u016bt\u012bt, zvanot uz tel. 20207488, vai ieg\u0101d\u0101ties veikal\u0101 Maskavas iel\u0101 322.<\/p>\n","protected":false},"excerpt":{"rendered":"<p>\u0160is modelis attiecas uz bezatsperu matra\u010du s\u0113riju ar ortop\u0113disku efektu.<br \/>\nModelis sast\u0101v vien\u012bgi no dabisk\u0101m pildviel\u0101m. Dab\u012bga lateksa un kokosa<br \/>\nkoiras kombin\u0101cija pie\u0161\u0137ir matracim vid\u0113ju ciet\u012bbu.<\/p>\n<p>Lielisks ieguvums b\u0113rniem, cilv\u0113kiem ar mugurkaula slim\u012bb\u0101m, ar palielin\u0101tu svaru<br \/>\nvai vienk\u0101r\u0161i tiem, kam pat\u012bk gul\u0113t uz l\u012bdzenas, elast\u012bgas virsmas.<\/p>\n<p>Sl\u0101\u0146i:<\/p>\n<p>1. Vatel\u012bns<\/p>\n<p>2. Kokosa sl\u0101nis 20mm<\/p>\n<p>3. Latekss 20mm<\/p>\n<p>4. Kokosa sl\u0101nis 20mm<\/p>\n<p>5. Latekss 20mm<\/p>\n<p>6. Kokosa sl\u0101nis 20mm<\/p>\n<p>7. Latekss 20mm<\/p>\n<p>8. Kokosa sl\u0101nis 20mm<\/p>\n<p>9. Latekss 20mm<\/p>\n","protected":false},"featured_media":12081,"template":"","meta":{"neve_meta_sidebar":"","neve_meta_container":"","neve_meta_enable_content_width":"off","neve_meta_content_width":70,"neve_meta_title_alignment":"","neve_meta_author_avatar":"","neve_post_elements_order":"","neve_meta_disable_header":"","neve_meta_disable_footer":"","neve_meta_disable_title":""},"product_cat":[53],"product_tag":[],"_links":{"self":[{"href":"https:\/\/mebelunams.lv\/index.php?rest_route=\/wp\/v2\/product\/12101"}],"collection":[{"href":"https:\/\/mebelunams.lv\/index.php?rest_route=\/wp\/v2\/product"}],"about":[{"href":"https:\/\/mebelunams.lv\/index.php?rest_route=\/wp\/v2\/types\/product"}],"wp:featuredmedia":[{"embeddable":true,"href":"https:\/\/mebelunams.lv\/index.php?rest_route=\/wp\/v2\/media\/12081"}],"wp:attachment":[{"href":"https:\/\/mebelunams.lv\/index.php?rest_route=%2Fwp%2Fv2%2Fmedia&parent=12101"}],"wp:term":[{"taxonomy":"product_cat","embeddable":true,"href":"https:\/\/mebelunams.lv\/index.php?rest_route=%2Fwp%2Fv2%2Fproduct_cat&post=12101"},{"taxonomy":"product_tag","embeddable":true,"href":"https:\/\/mebelunams.lv\/index.php?rest_route=%2Fwp%2Fv2%2Fproduct_tag&post=12101"}],"curies":[{"name":"wp","href":"https:\/\/api.w.org\/{rel}","templated":true}]}}