{"id":11994,"date":"2022-06-16T12:08:48","date_gmt":"2022-06-16T10:08:48","guid":{"rendered":"https:\/\/mebelunams.lv\/?post_type=product&#038;p=11994"},"modified":"2025-01-27T11:07:07","modified_gmt":"2025-01-27T09:07:07","slug":"divans-olivers-ar-kastem","status":"publish","type":"product","link":"https:\/\/mebelunams.lv\/?product=divans-olivers-ar-kastem","title":{"rendered":"d\u012bv\u0101ns Olivers ar kast\u0113m"},"content":{"rendered":"","protected":false},"excerpt":{"rendered":"<p>Platums: 260 cm<br \/>\nDzi\u013cums: 101 cm<br \/>\nAugstums: 83 cm<br \/>\nGu\u013cam\u0101 plat\u012bba: 160\u00d7200 cm<br \/>\nAtsperes: \u201cbonnel\u201d<br \/>\nIzvelkams: IR (lifta meh\u0101nisms)<br \/>\nVe\u013cas kaste: IR<\/p>\n<p>Iesp\u0113ja pas\u016bt\u012bt da\u017e\u0101dos audumos.<\/p>\n","protected":false},"featured_media":11996,"template":"","meta":{"neve_meta_sidebar":"","neve_meta_container":"","neve_meta_enable_content_width":"off","neve_meta_content_width":70,"neve_meta_title_alignment":"","neve_meta_author_avatar":"","neve_post_elements_order":"","neve_meta_disable_header":"","neve_meta_disable_footer":"","neve_meta_disable_title":""},"product_cat":[57],"product_tag":[],"_links":{"self":[{"href":"https:\/\/mebelunams.lv\/index.php?rest_route=\/wp\/v2\/product\/11994"}],"collection":[{"href":"https:\/\/mebelunams.lv\/index.php?rest_route=\/wp\/v2\/product"}],"about":[{"href":"https:\/\/mebelunams.lv\/index.php?rest_route=\/wp\/v2\/types\/product"}],"wp:featuredmedia":[{"embeddable":true,"href":"https:\/\/mebelunams.lv\/index.php?rest_route=\/wp\/v2\/media\/11996"}],"wp:attachment":[{"href":"https:\/\/mebelunams.lv\/index.php?rest_route=%2Fwp%2Fv2%2Fmedia&parent=11994"}],"wp:term":[{"taxonomy":"product_cat","embeddable":true,"href":"https:\/\/mebelunams.lv\/index.php?rest_route=%2Fwp%2Fv2%2Fproduct_cat&post=11994"},{"taxonomy":"product_tag","embeddable":true,"href":"https:\/\/mebelunams.lv\/index.php?rest_route=%2Fwp%2Fv2%2Fproduct_tag&post=11994"}],"curies":[{"name":"wp","href":"https:\/\/api.w.org\/{rel}","templated":true}]}}