{"id":11873,"date":"2022-06-03T21:09:32","date_gmt":"2022-06-03T19:09:32","guid":{"rendered":"https:\/\/mebelunams.lv\/?post_type=product&#038;p=11873"},"modified":"2022-08-12T21:13:14","modified_gmt":"2022-08-12T19:13:14","slug":"tv-plaukts-trondheim-132","status":"publish","type":"product","link":"https:\/\/mebelunams.lv\/?product=tv-plaukts-trondheim-132","title":{"rendered":"TV plaukts TRONDHEIM 132"},"content":{"rendered":"<p>Preci iesp\u0113jams pas\u016bt\u012bt, zvanot uz tel. 20207488, vai ieg\u0101d\u0101ties veikal\u0101 Maskavas iel\u0101 322.<\/p>\n","protected":false},"excerpt":{"rendered":"<div>\n<div>\n<div><strong>Preci var pas\u016bt\u012bt!<\/strong><\/div>\n<div>Augstums: 58,9 cm<\/div>\n<div>Platums: 158,4 cm<\/div>\n<div>Dzi\u013cums: 41,5 cm<\/div>\n<div><\/div>\n<\/div>\n<\/div>\n","protected":false},"featured_media":11875,"template":"","meta":{"neve_meta_sidebar":"","neve_meta_container":"","neve_meta_enable_content_width":"off","neve_meta_content_width":70,"neve_meta_title_alignment":"","neve_meta_author_avatar":"","neve_post_elements_order":"","neve_meta_disable_header":"","neve_meta_disable_footer":"","neve_meta_disable_title":""},"product_cat":[4231,28],"product_tag":[],"_links":{"self":[{"href":"https:\/\/mebelunams.lv\/index.php?rest_route=\/wp\/v2\/product\/11873"}],"collection":[{"href":"https:\/\/mebelunams.lv\/index.php?rest_route=\/wp\/v2\/product"}],"about":[{"href":"https:\/\/mebelunams.lv\/index.php?rest_route=\/wp\/v2\/types\/product"}],"wp:featuredmedia":[{"embeddable":true,"href":"https:\/\/mebelunams.lv\/index.php?rest_route=\/wp\/v2\/media\/11875"}],"wp:attachment":[{"href":"https:\/\/mebelunams.lv\/index.php?rest_route=%2Fwp%2Fv2%2Fmedia&parent=11873"}],"wp:term":[{"taxonomy":"product_cat","embeddable":true,"href":"https:\/\/mebelunams.lv\/index.php?rest_route=%2Fwp%2Fv2%2Fproduct_cat&post=11873"},{"taxonomy":"product_tag","embeddable":true,"href":"https:\/\/mebelunams.lv\/index.php?rest_route=%2Fwp%2Fv2%2Fproduct_tag&post=11873"}],"curies":[{"name":"wp","href":"https:\/\/api.w.org\/{rel}","templated":true}]}}