{"id":11461,"date":"2022-04-05T20:22:15","date_gmt":"2022-04-05T18:22:15","guid":{"rendered":"https:\/\/mebelunams.lv\/?post_type=product&#038;p=11461"},"modified":"2022-04-05T20:26:52","modified_gmt":"2022-04-05T18:26:52","slug":"rakstamgalds-mff2004","status":"publish","type":"product","link":"https:\/\/mebelunams.lv\/?product=rakstamgalds-mff2004","title":{"rendered":"rakst\u0101mgalds mff2004"},"content":{"rendered":"<p>Preci iesp\u0113jams pas\u016bt\u012bt, zvanot uz tel. 20207488, vai ieg\u0101d\u0101ties veikal\u0101 Maskavas iel\u0101 322.<\/p>\n","protected":false},"excerpt":{"rendered":"<p><strong>\u2192 (platums)<\/strong> : 88,2 cm<\/p>\n<p><strong>\u2191 (augstums)<\/strong> : 120,8 cm<\/p>\n<p><strong>\/ (dzi\u013cums)<\/strong> : 18,6 cm<\/p>\n","protected":false},"featured_media":11463,"template":"","meta":{"neve_meta_sidebar":"","neve_meta_container":"","neve_meta_enable_content_width":"off","neve_meta_content_width":70,"neve_meta_title_alignment":"","neve_meta_author_avatar":"","neve_post_elements_order":"","neve_meta_disable_header":"","neve_meta_disable_footer":"","neve_meta_disable_title":""},"product_cat":[18,19,33],"product_tag":[],"_links":{"self":[{"href":"https:\/\/mebelunams.lv\/index.php?rest_route=\/wp\/v2\/product\/11461"}],"collection":[{"href":"https:\/\/mebelunams.lv\/index.php?rest_route=\/wp\/v2\/product"}],"about":[{"href":"https:\/\/mebelunams.lv\/index.php?rest_route=\/wp\/v2\/types\/product"}],"wp:featuredmedia":[{"embeddable":true,"href":"https:\/\/mebelunams.lv\/index.php?rest_route=\/wp\/v2\/media\/11463"}],"wp:attachment":[{"href":"https:\/\/mebelunams.lv\/index.php?rest_route=%2Fwp%2Fv2%2Fmedia&parent=11461"}],"wp:term":[{"taxonomy":"product_cat","embeddable":true,"href":"https:\/\/mebelunams.lv\/index.php?rest_route=%2Fwp%2Fv2%2Fproduct_cat&post=11461"},{"taxonomy":"product_tag","embeddable":true,"href":"https:\/\/mebelunams.lv\/index.php?rest_route=%2Fwp%2Fv2%2Fproduct_tag&post=11461"}],"curies":[{"name":"wp","href":"https:\/\/api.w.org\/{rel}","templated":true}]}}