{"id":1127,"date":"2020-09-07T18:37:23","date_gmt":"2020-09-07T16:37:23","guid":{"rendered":"http:\/\/mebelunams.lv\/?post_type=product&#038;p=1127"},"modified":"2026-01-07T15:50:42","modified_gmt":"2026-01-07T13:50:42","slug":"supulkresls-viljams","status":"publish","type":"product","link":"https:\/\/mebelunams.lv\/?product=supulkresls-viljams","title":{"rendered":"\u0161\u016bpu\u013ckr\u0113sls Viljams"},"content":{"rendered":"","protected":false},"excerpt":{"rendered":"<p><strong>Platums:<\/strong>\u00a078 cm<br \/>\n<strong>Augstums:<\/strong>\u00a0104 cm<br \/>\n<strong>Korpuss:<\/strong>\u00a0koks (melnalksnis)<br \/>\n<strong>Kr\u0101sa:\u00a0<\/strong>alksnis<\/p>\n<p>iesp\u0113ja pas\u016bt\u012bt cit\u0101s kr\u0101s\u0101s:<\/p>\n<p>&nbsp;<\/p>\n<p>rieksta tonis +15%<\/p>\n<p>piena tonis +20%<\/p>\n<p>mahagona tonis +30%<\/p>\n","protected":false},"featured_media":7813,"template":"","meta":{"neve_meta_sidebar":"","neve_meta_container":"","neve_meta_enable_content_width":"off","neve_meta_content_width":70,"neve_meta_title_alignment":"","neve_meta_author_avatar":"","neve_post_elements_order":"","neve_meta_disable_header":"","neve_meta_disable_footer":"","neve_meta_disable_title":""},"product_cat":[43],"product_tag":[],"_links":{"self":[{"href":"https:\/\/mebelunams.lv\/index.php?rest_route=\/wp\/v2\/product\/1127"}],"collection":[{"href":"https:\/\/mebelunams.lv\/index.php?rest_route=\/wp\/v2\/product"}],"about":[{"href":"https:\/\/mebelunams.lv\/index.php?rest_route=\/wp\/v2\/types\/product"}],"wp:featuredmedia":[{"embeddable":true,"href":"https:\/\/mebelunams.lv\/index.php?rest_route=\/wp\/v2\/media\/7813"}],"wp:attachment":[{"href":"https:\/\/mebelunams.lv\/index.php?rest_route=%2Fwp%2Fv2%2Fmedia&parent=1127"}],"wp:term":[{"taxonomy":"product_cat","embeddable":true,"href":"https:\/\/mebelunams.lv\/index.php?rest_route=%2Fwp%2Fv2%2Fproduct_cat&post=1127"},{"taxonomy":"product_tag","embeddable":true,"href":"https:\/\/mebelunams.lv\/index.php?rest_route=%2Fwp%2Fv2%2Fproduct_tag&post=1127"}],"curies":[{"name":"wp","href":"https:\/\/api.w.org\/{rel}","templated":true}]}}