{"id":11180,"date":"2022-02-05T11:16:33","date_gmt":"2022-02-05T09:16:33","guid":{"rendered":"https:\/\/mebelunams.lv\/?post_type=product&#038;p=11180"},"modified":"2023-08-03T10:28:13","modified_gmt":"2023-08-03T08:28:13","slug":"koka-pakaramais-ar-plauktu","status":"publish","type":"product","link":"https:\/\/mebelunams.lv\/?product=koka-pakaramais-ar-plauktu","title":{"rendered":"koka pakaramais ar plauktu"},"content":{"rendered":"","protected":false},"excerpt":{"rendered":"<p><strong>\u2192 (platums)<\/strong> : 89 cm<\/p>\n<p><strong>\u2191 (augstums)<\/strong> : 40 cm<\/p>\n<p><strong>\/ (dzi\u013cums)<\/strong> : 31 cm<\/p>\n<p><strong>Pas\u016btot \u0161aj\u0101s kr\u0101s\u0101s (<\/strong><a href=\"http:\/\/www.ralcolor.com\/\"><strong>http:\/\/www.ralcolor.com\/<\/strong><\/a><strong>), cena +10%<\/strong><\/p>\n","protected":false},"featured_media":11181,"template":"","meta":{"neve_meta_sidebar":"","neve_meta_container":"","neve_meta_enable_content_width":"off","neve_meta_content_width":70,"neve_meta_title_alignment":"","neve_meta_author_avatar":"","neve_post_elements_order":"","neve_meta_disable_header":"","neve_meta_disable_footer":"","neve_meta_disable_title":""},"product_cat":[74],"product_tag":[],"_links":{"self":[{"href":"https:\/\/mebelunams.lv\/index.php?rest_route=\/wp\/v2\/product\/11180"}],"collection":[{"href":"https:\/\/mebelunams.lv\/index.php?rest_route=\/wp\/v2\/product"}],"about":[{"href":"https:\/\/mebelunams.lv\/index.php?rest_route=\/wp\/v2\/types\/product"}],"wp:featuredmedia":[{"embeddable":true,"href":"https:\/\/mebelunams.lv\/index.php?rest_route=\/wp\/v2\/media\/11181"}],"wp:attachment":[{"href":"https:\/\/mebelunams.lv\/index.php?rest_route=%2Fwp%2Fv2%2Fmedia&parent=11180"}],"wp:term":[{"taxonomy":"product_cat","embeddable":true,"href":"https:\/\/mebelunams.lv\/index.php?rest_route=%2Fwp%2Fv2%2Fproduct_cat&post=11180"},{"taxonomy":"product_tag","embeddable":true,"href":"https:\/\/mebelunams.lv\/index.php?rest_route=%2Fwp%2Fv2%2Fproduct_tag&post=11180"}],"curies":[{"name":"wp","href":"https:\/\/api.w.org\/{rel}","templated":true}]}}