{"id":10967,"date":"2022-01-22T20:17:32","date_gmt":"2022-01-22T18:17:32","guid":{"rendered":"https:\/\/mebelunams.lv\/?post_type=product&#038;p=10967"},"modified":"2022-05-30T21:45:52","modified_gmt":"2022-05-30T19:45:52","slug":"zurnalgaldins-trondheim","status":"publish","type":"product","link":"https:\/\/mebelunams.lv\/?product=zurnalgaldins-trondheim","title":{"rendered":"\u017eurn\u0101lgaldi\u0146\u0161 TRONDHEIM"},"content":{"rendered":"","protected":false},"excerpt":{"rendered":"<table class=\"table table-hover\">\n<tbody>\n<tr>\n<td>Platums:<\/td>\n<td>80\u00a0cm<\/td>\n<\/tr>\n<tr>\n<td>Augstums:<\/td>\n<td>44,6\u00a0cm<\/td>\n<\/tr>\n<tr>\n<td>Dzi\u013cums:<\/td>\n<td>55\u00a0cm<\/td>\n<\/tr>\n<\/tbody>\n<\/table>\n<p>&nbsp;<\/p>\n","protected":false},"featured_media":10969,"template":"","meta":{"neve_meta_sidebar":"","neve_meta_container":"","neve_meta_enable_content_width":"off","neve_meta_content_width":70,"neve_meta_title_alignment":"","neve_meta_author_avatar":"","neve_post_elements_order":"","neve_meta_disable_header":"","neve_meta_disable_footer":"","neve_meta_disable_title":""},"product_cat":[4231,29],"product_tag":[],"_links":{"self":[{"href":"https:\/\/mebelunams.lv\/index.php?rest_route=\/wp\/v2\/product\/10967"}],"collection":[{"href":"https:\/\/mebelunams.lv\/index.php?rest_route=\/wp\/v2\/product"}],"about":[{"href":"https:\/\/mebelunams.lv\/index.php?rest_route=\/wp\/v2\/types\/product"}],"wp:featuredmedia":[{"embeddable":true,"href":"https:\/\/mebelunams.lv\/index.php?rest_route=\/wp\/v2\/media\/10969"}],"wp:attachment":[{"href":"https:\/\/mebelunams.lv\/index.php?rest_route=%2Fwp%2Fv2%2Fmedia&parent=10967"}],"wp:term":[{"taxonomy":"product_cat","embeddable":true,"href":"https:\/\/mebelunams.lv\/index.php?rest_route=%2Fwp%2Fv2%2Fproduct_cat&post=10967"},{"taxonomy":"product_tag","embeddable":true,"href":"https:\/\/mebelunams.lv\/index.php?rest_route=%2Fwp%2Fv2%2Fproduct_tag&post=10967"}],"curies":[{"name":"wp","href":"https:\/\/api.w.org\/{rel}","templated":true}]}}