{"id":10871,"date":"2022-01-21T13:58:31","date_gmt":"2022-01-21T11:58:31","guid":{"rendered":"https:\/\/mebelunams.lv\/?post_type=product&#038;p=10871"},"modified":"2022-01-21T14:33:16","modified_gmt":"2022-01-21T12:33:16","slug":"kresls-kvant","status":"publish","type":"product","link":"https:\/\/mebelunams.lv\/?product=kresls-kvant","title":{"rendered":"kr\u0113sls Kvant"},"content":{"rendered":"","protected":false},"excerpt":{"rendered":"<p><strong>S\u0113dek\u013ca materi\u0101ls:<\/strong>\u00a0audums<\/p>\n<p><strong>K\u0101ju materi\u0101ls:<\/strong>\u00a0met\u0101ls<\/p>\n<p>&nbsp;<\/p>\n<p><strong>Izm\u0113rs<\/strong>: 43 \u0445 53 \u0445 95 cm<\/p>\n<p>&nbsp;<\/p>\n","protected":false},"featured_media":10872,"template":"","meta":{"neve_meta_sidebar":"","neve_meta_container":"","neve_meta_enable_content_width":"off","neve_meta_content_width":70,"neve_meta_title_alignment":"","neve_meta_author_avatar":"","neve_post_elements_order":"","neve_meta_disable_header":"","neve_meta_disable_footer":"","neve_meta_disable_title":""},"product_cat":[46],"product_tag":[],"_links":{"self":[{"href":"https:\/\/mebelunams.lv\/index.php?rest_route=\/wp\/v2\/product\/10871"}],"collection":[{"href":"https:\/\/mebelunams.lv\/index.php?rest_route=\/wp\/v2\/product"}],"about":[{"href":"https:\/\/mebelunams.lv\/index.php?rest_route=\/wp\/v2\/types\/product"}],"wp:featuredmedia":[{"embeddable":true,"href":"https:\/\/mebelunams.lv\/index.php?rest_route=\/wp\/v2\/media\/10872"}],"wp:attachment":[{"href":"https:\/\/mebelunams.lv\/index.php?rest_route=%2Fwp%2Fv2%2Fmedia&parent=10871"}],"wp:term":[{"taxonomy":"product_cat","embeddable":true,"href":"https:\/\/mebelunams.lv\/index.php?rest_route=%2Fwp%2Fv2%2Fproduct_cat&post=10871"},{"taxonomy":"product_tag","embeddable":true,"href":"https:\/\/mebelunams.lv\/index.php?rest_route=%2Fwp%2Fv2%2Fproduct_tag&post=10871"}],"curies":[{"name":"wp","href":"https:\/\/api.w.org\/{rel}","templated":true}]}}