{"id":10857,"date":"2022-01-21T12:09:16","date_gmt":"2022-01-21T10:09:16","guid":{"rendered":"https:\/\/mebelunams.lv\/?post_type=product&#038;p=10857"},"modified":"2023-10-08T22:14:23","modified_gmt":"2023-10-08T20:14:23","slug":"skapis-wnps923e1-q89","status":"publish","type":"product","link":"https:\/\/mebelunams.lv\/?product=skapis-wnps923e1-q89","title":{"rendered":"skapis WNPS923E1- Q89"},"content":{"rendered":"","protected":false},"excerpt":{"rendered":"<p><strong>\u2192 (platums)<\/strong> : 220,1 cm<\/p>\n<p><strong>\u2191 (augstums)<\/strong> : 209,7 cm<\/p>\n<p><strong>\/ (dzi\u013cums)<\/strong> : 61,2 cm<\/p>\n<p>Vid\u0113jo da\u013cu mont\u0101\u017eas proces\u0101, pagrie\u017eot uz iek\u0161u, ieg\u016bst visu skapi balt\u0101 kr\u0101s\u0101.<\/p>\n<p><strong>3 plauktu komplekts (skat. att\u0113l\u0101) +40 Eur<\/strong><\/p>\n<p><strong>bremz\u012btes durv\u012bm +35 Eur<\/strong><\/p>\n<p>&nbsp;<\/p>\n","protected":false},"featured_media":10849,"template":"","meta":{"neve_meta_sidebar":"","neve_meta_container":"","neve_meta_enable_content_width":"off","neve_meta_content_width":70,"neve_meta_title_alignment":"","neve_meta_author_avatar":"","neve_post_elements_order":"","neve_meta_disable_header":"","neve_meta_disable_footer":"","neve_meta_disable_title":""},"product_cat":[20],"product_tag":[],"_links":{"self":[{"href":"https:\/\/mebelunams.lv\/index.php?rest_route=\/wp\/v2\/product\/10857"}],"collection":[{"href":"https:\/\/mebelunams.lv\/index.php?rest_route=\/wp\/v2\/product"}],"about":[{"href":"https:\/\/mebelunams.lv\/index.php?rest_route=\/wp\/v2\/types\/product"}],"wp:featuredmedia":[{"embeddable":true,"href":"https:\/\/mebelunams.lv\/index.php?rest_route=\/wp\/v2\/media\/10849"}],"wp:attachment":[{"href":"https:\/\/mebelunams.lv\/index.php?rest_route=%2Fwp%2Fv2%2Fmedia&parent=10857"}],"wp:term":[{"taxonomy":"product_cat","embeddable":true,"href":"https:\/\/mebelunams.lv\/index.php?rest_route=%2Fwp%2Fv2%2Fproduct_cat&post=10857"},{"taxonomy":"product_tag","embeddable":true,"href":"https:\/\/mebelunams.lv\/index.php?rest_route=%2Fwp%2Fv2%2Fproduct_tag&post=10857"}],"curies":[{"name":"wp","href":"https:\/\/api.w.org\/{rel}","templated":true}]}}