{"id":10826,"date":"2022-01-21T10:57:39","date_gmt":"2022-01-21T08:57:39","guid":{"rendered":"https:\/\/mebelunams.lv\/?post_type=product&#038;p=10826"},"modified":"2022-04-01T19:15:09","modified_gmt":"2022-04-01T17:15:09","slug":"kafijas-galdins-tobago","status":"publish","type":"product","link":"https:\/\/mebelunams.lv\/?product=kafijas-galdins-tobago","title":{"rendered":"kafijas galdi\u0146\u0161 Tobago"},"content":{"rendered":"","protected":false},"excerpt":{"rendered":"<p>Kr\u0101sas: balta, sonoma ozols.<\/p>\n<p>Platums: 74.4 cm<\/p>\n<p>Augstums: 45.5 cm<\/p>\n<p>Dzi\u013cums: 74.4 cm<\/p>\n<p>Svars: 11kg<\/p>\n<p>&nbsp;<\/p>\n","protected":false},"featured_media":10828,"template":"","meta":{"neve_meta_sidebar":"","neve_meta_container":"","neve_meta_enable_content_width":"off","neve_meta_content_width":70,"neve_meta_title_alignment":"","neve_meta_author_avatar":"","neve_post_elements_order":"","neve_meta_disable_header":"","neve_meta_disable_footer":"","neve_meta_disable_title":""},"product_cat":[29],"product_tag":[],"_links":{"self":[{"href":"https:\/\/mebelunams.lv\/index.php?rest_route=\/wp\/v2\/product\/10826"}],"collection":[{"href":"https:\/\/mebelunams.lv\/index.php?rest_route=\/wp\/v2\/product"}],"about":[{"href":"https:\/\/mebelunams.lv\/index.php?rest_route=\/wp\/v2\/types\/product"}],"wp:featuredmedia":[{"embeddable":true,"href":"https:\/\/mebelunams.lv\/index.php?rest_route=\/wp\/v2\/media\/10828"}],"wp:attachment":[{"href":"https:\/\/mebelunams.lv\/index.php?rest_route=%2Fwp%2Fv2%2Fmedia&parent=10826"}],"wp:term":[{"taxonomy":"product_cat","embeddable":true,"href":"https:\/\/mebelunams.lv\/index.php?rest_route=%2Fwp%2Fv2%2Fproduct_cat&post=10826"},{"taxonomy":"product_tag","embeddable":true,"href":"https:\/\/mebelunams.lv\/index.php?rest_route=%2Fwp%2Fv2%2Fproduct_tag&post=10826"}],"curies":[{"name":"wp","href":"https:\/\/api.w.org\/{rel}","templated":true}]}}