{"id":10741,"date":"2022-01-05T16:43:13","date_gmt":"2022-01-05T14:43:13","guid":{"rendered":"https:\/\/mebelunams.lv\/?post_type=product&#038;p=10741"},"modified":"2026-01-03T17:03:22","modified_gmt":"2026-01-03T15:03:22","slug":"galds-eta","status":"publish","type":"product","link":"https:\/\/mebelunams.lv\/?product=galds-eta","title":{"rendered":"galds Eta G120"},"content":{"rendered":"","protected":false},"excerpt":{"rendered":"<p><strong>\u2192 (platums)<\/strong> : 120 cm<\/p>\n<p><strong>\u2191 (augstums)<\/strong> : 44 cm<\/p>\n<p><strong>\/ (dzi\u013cums)<\/strong> : 60 cm<\/p>\n<p><strong>materi\u0101ls<\/strong>: koks<\/p>\n<p>iesp\u0113ja pas\u016bt\u012bt cit\u0101s kr\u0101s\u0101s:<\/p>\n<p>&nbsp;<\/p>\n<p>rieksta tonis +15%<\/p>\n<p>piena tonis +20%<\/p>\n<p>mahagona tonis +30%<\/p>\n","protected":false},"featured_media":10742,"template":"","meta":{"neve_meta_sidebar":"","neve_meta_container":"","neve_meta_enable_content_width":"off","neve_meta_content_width":70,"neve_meta_title_alignment":"","neve_meta_author_avatar":"","neve_post_elements_order":"","neve_meta_disable_header":"","neve_meta_disable_footer":"","neve_meta_disable_title":""},"product_cat":[827,29],"product_tag":[],"_links":{"self":[{"href":"https:\/\/mebelunams.lv\/index.php?rest_route=\/wp\/v2\/product\/10741"}],"collection":[{"href":"https:\/\/mebelunams.lv\/index.php?rest_route=\/wp\/v2\/product"}],"about":[{"href":"https:\/\/mebelunams.lv\/index.php?rest_route=\/wp\/v2\/types\/product"}],"wp:featuredmedia":[{"embeddable":true,"href":"https:\/\/mebelunams.lv\/index.php?rest_route=\/wp\/v2\/media\/10742"}],"wp:attachment":[{"href":"https:\/\/mebelunams.lv\/index.php?rest_route=%2Fwp%2Fv2%2Fmedia&parent=10741"}],"wp:term":[{"taxonomy":"product_cat","embeddable":true,"href":"https:\/\/mebelunams.lv\/index.php?rest_route=%2Fwp%2Fv2%2Fproduct_cat&post=10741"},{"taxonomy":"product_tag","embeddable":true,"href":"https:\/\/mebelunams.lv\/index.php?rest_route=%2Fwp%2Fv2%2Fproduct_tag&post=10741"}],"curies":[{"name":"wp","href":"https:\/\/api.w.org\/{rel}","templated":true}]}}