{"id":10686,"date":"2021-12-23T15:35:29","date_gmt":"2021-12-23T13:35:29","guid":{"rendered":"https:\/\/mebelunams.lv\/?post_type=product&#038;p=10686"},"modified":"2026-01-03T17:31:12","modified_gmt":"2026-01-03T15:31:12","slug":"skapis-ar-koka-durvim","status":"publish","type":"product","link":"https:\/\/mebelunams.lv\/?product=skapis-ar-koka-durvim","title":{"rendered":"skapis ar koka durv\u012bm"},"content":{"rendered":"","protected":false},"excerpt":{"rendered":"<p>Skapis (melnalk\u0161\u0146a durvis, LKSP korpuss, ta\u010du iesp\u0113jams izgatavot ar\u012b ar koka korpusu)<\/p>\n<p>Var izgatavot da\u017e\u0101dos izm\u0113ros, ar da\u017e\u0101du durvju skaitu, ar vai bez antresola.<\/p>\n<p>&nbsp;<\/p>\n<p>iesp\u0113ja pas\u016bt\u012bt cit\u0101s kr\u0101s\u0101s:<\/p>\n<p>&nbsp;<\/p>\n<p>rieksta tonis +15%<\/p>\n<p>piena tonis +20%<\/p>\n<p>mahagona tonis +30%<\/p>\n","protected":false},"featured_media":10687,"template":"","meta":{"neve_meta_sidebar":"","neve_meta_container":"","neve_meta_enable_content_width":"off","neve_meta_content_width":70,"neve_meta_title_alignment":"","neve_meta_author_avatar":"","neve_post_elements_order":"","neve_meta_disable_header":"","neve_meta_disable_footer":"","neve_meta_disable_title":""},"product_cat":[20],"product_tag":[],"_links":{"self":[{"href":"https:\/\/mebelunams.lv\/index.php?rest_route=\/wp\/v2\/product\/10686"}],"collection":[{"href":"https:\/\/mebelunams.lv\/index.php?rest_route=\/wp\/v2\/product"}],"about":[{"href":"https:\/\/mebelunams.lv\/index.php?rest_route=\/wp\/v2\/types\/product"}],"wp:featuredmedia":[{"embeddable":true,"href":"https:\/\/mebelunams.lv\/index.php?rest_route=\/wp\/v2\/media\/10687"}],"wp:attachment":[{"href":"https:\/\/mebelunams.lv\/index.php?rest_route=%2Fwp%2Fv2%2Fmedia&parent=10686"}],"wp:term":[{"taxonomy":"product_cat","embeddable":true,"href":"https:\/\/mebelunams.lv\/index.php?rest_route=%2Fwp%2Fv2%2Fproduct_cat&post=10686"},{"taxonomy":"product_tag","embeddable":true,"href":"https:\/\/mebelunams.lv\/index.php?rest_route=%2Fwp%2Fv2%2Fproduct_tag&post=10686"}],"curies":[{"name":"wp","href":"https:\/\/api.w.org\/{rel}","templated":true}]}}