{"id":10620,"date":"2021-12-14T21:08:23","date_gmt":"2021-12-14T19:08:23","guid":{"rendered":"https:\/\/mebelunams.lv\/?post_type=product&#038;p=10620"},"modified":"2021-12-19T14:17:19","modified_gmt":"2021-12-19T12:17:19","slug":"apaksejais-skapitis-2","status":"publish","type":"product","link":"https:\/\/mebelunams.lv\/?product=apaksejais-skapitis-2","title":{"rendered":"apak\u0161\u0113jais skap\u012btis (2)"},"content":{"rendered":"","protected":false},"excerpt":{"rendered":"<p><strong>\u2192 (platums)<\/strong> : 60 \/ 80 cm<\/p>\n<p><strong>\u2191 (augstums)<\/strong> : 72 cm<\/p>\n<p><strong>\/ (dzi\u013cums)<\/strong> : 36 cm<\/p>\n<p><strong>materi\u0101ls<\/strong>: koks<\/p>\n<p>iesp\u0113ja pas\u016bt\u012bt cit\u0101s kr\u0101s\u0101s:<\/p>\n<p>&nbsp;<\/p>\n<p>rieksta tonis +15%<\/p>\n<p>piena tonis +20%<\/p>\n<p>mahagona tonis +30%<\/p>\n","protected":false},"featured_media":10621,"template":"","meta":{"neve_meta_sidebar":"","neve_meta_container":"","neve_meta_enable_content_width":"off","neve_meta_content_width":70,"neve_meta_title_alignment":"","neve_meta_author_avatar":"","neve_post_elements_order":"","neve_meta_disable_header":"","neve_meta_disable_footer":"","neve_meta_disable_title":""},"product_cat":[3725],"product_tag":[],"_links":{"self":[{"href":"https:\/\/mebelunams.lv\/index.php?rest_route=\/wp\/v2\/product\/10620"}],"collection":[{"href":"https:\/\/mebelunams.lv\/index.php?rest_route=\/wp\/v2\/product"}],"about":[{"href":"https:\/\/mebelunams.lv\/index.php?rest_route=\/wp\/v2\/types\/product"}],"wp:featuredmedia":[{"embeddable":true,"href":"https:\/\/mebelunams.lv\/index.php?rest_route=\/wp\/v2\/media\/10621"}],"wp:attachment":[{"href":"https:\/\/mebelunams.lv\/index.php?rest_route=%2Fwp%2Fv2%2Fmedia&parent=10620"}],"wp:term":[{"taxonomy":"product_cat","embeddable":true,"href":"https:\/\/mebelunams.lv\/index.php?rest_route=%2Fwp%2Fv2%2Fproduct_cat&post=10620"},{"taxonomy":"product_tag","embeddable":true,"href":"https:\/\/mebelunams.lv\/index.php?rest_route=%2Fwp%2Fv2%2Fproduct_tag&post=10620"}],"curies":[{"name":"wp","href":"https:\/\/api.w.org\/{rel}","templated":true}]}}