{"id":1060,"date":"2020-09-07T17:43:58","date_gmt":"2020-09-07T15:43:58","guid":{"rendered":"http:\/\/mebelunams.lv\/?post_type=product&#038;p=1060"},"modified":"2026-01-05T16:39:05","modified_gmt":"2026-01-05T14:39:05","slug":"ovals-zurnalgalds","status":"publish","type":"product","link":"https:\/\/mebelunams.lv\/?product=ovals-zurnalgalds","title":{"rendered":"ov\u0101ls \u017eurn\u0101lgalds"},"content":{"rendered":"","protected":false},"excerpt":{"rendered":"<p><strong>Augstums:<\/strong>\u00a054 cm<br \/>\n<strong>Garums:<\/strong>\u00a0100 cm<br \/>\n<strong>Platums I:<\/strong>\u00a060 cm<br \/>\n<strong>Platums II:<\/strong> 73 cm (iesp\u0113ja izv\u0113l\u0113ties izm\u0113ru)<br \/>\n<strong>Materi\u0101ls:<\/strong>\u00a0koks (melnalksnis)<br \/>\n<strong>Kr\u0101sa:<\/strong> alksnis<\/p>\n<p>iesp\u0113ja pas\u016bt\u012bt cit\u0101s kr\u0101s\u0101s:<\/p>\n<p>&nbsp;<\/p>\n<p>rieksta tonis +15%<\/p>\n<p>piena tonis +20%<\/p>\n<p>mahagona tonis +30%<\/p>\n","protected":false},"featured_media":7679,"template":"","meta":{"neve_meta_sidebar":"","neve_meta_container":"","neve_meta_enable_content_width":"off","neve_meta_content_width":70,"neve_meta_title_alignment":"","neve_meta_author_avatar":"","neve_post_elements_order":"","neve_meta_disable_header":"","neve_meta_disable_footer":"","neve_meta_disable_title":""},"product_cat":[29],"product_tag":[],"_links":{"self":[{"href":"https:\/\/mebelunams.lv\/index.php?rest_route=\/wp\/v2\/product\/1060"}],"collection":[{"href":"https:\/\/mebelunams.lv\/index.php?rest_route=\/wp\/v2\/product"}],"about":[{"href":"https:\/\/mebelunams.lv\/index.php?rest_route=\/wp\/v2\/types\/product"}],"wp:featuredmedia":[{"embeddable":true,"href":"https:\/\/mebelunams.lv\/index.php?rest_route=\/wp\/v2\/media\/7679"}],"wp:attachment":[{"href":"https:\/\/mebelunams.lv\/index.php?rest_route=%2Fwp%2Fv2%2Fmedia&parent=1060"}],"wp:term":[{"taxonomy":"product_cat","embeddable":true,"href":"https:\/\/mebelunams.lv\/index.php?rest_route=%2Fwp%2Fv2%2Fproduct_cat&post=1060"},{"taxonomy":"product_tag","embeddable":true,"href":"https:\/\/mebelunams.lv\/index.php?rest_route=%2Fwp%2Fv2%2Fproduct_tag&post=1060"}],"curies":[{"name":"wp","href":"https:\/\/api.w.org\/{rel}","templated":true}]}}