{"id":1050,"date":"2020-09-07T17:33:46","date_gmt":"2020-09-07T15:33:46","guid":{"rendered":"http:\/\/mebelunams.lv\/?post_type=product&#038;p=1050"},"modified":"2021-07-21T19:24:08","modified_gmt":"2021-07-21T17:24:08","slug":"zurnalgaldins-bailey","status":"publish","type":"product","link":"https:\/\/mebelunams.lv\/?product=zurnalgaldins-bailey","title":{"rendered":"\u017e\u016brn\u0101lgaldi\u0146\u0161 Bailey"},"content":{"rendered":"","protected":false},"excerpt":{"rendered":"<p>Garums: 105 cm<br \/>\nPlatums: 60 cm<br \/>\nAugstums: 46<\/p>\n<p>Prece pieejama veikala noliktav\u0101.<\/p>\n","protected":false},"featured_media":7700,"template":"","meta":{"neve_meta_sidebar":"","neve_meta_container":"","neve_meta_enable_content_width":"off","neve_meta_content_width":0,"neve_meta_title_alignment":"","neve_meta_author_avatar":"","neve_post_elements_order":"","neve_meta_disable_header":"","neve_meta_disable_footer":"","neve_meta_disable_title":""},"product_cat":[29],"product_tag":[],"_links":{"self":[{"href":"https:\/\/mebelunams.lv\/index.php?rest_route=\/wp\/v2\/product\/1050"}],"collection":[{"href":"https:\/\/mebelunams.lv\/index.php?rest_route=\/wp\/v2\/product"}],"about":[{"href":"https:\/\/mebelunams.lv\/index.php?rest_route=\/wp\/v2\/types\/product"}],"wp:featuredmedia":[{"embeddable":true,"href":"https:\/\/mebelunams.lv\/index.php?rest_route=\/wp\/v2\/media\/7700"}],"wp:attachment":[{"href":"https:\/\/mebelunams.lv\/index.php?rest_route=%2Fwp%2Fv2%2Fmedia&parent=1050"}],"wp:term":[{"taxonomy":"product_cat","embeddable":true,"href":"https:\/\/mebelunams.lv\/index.php?rest_route=%2Fwp%2Fv2%2Fproduct_cat&post=1050"},{"taxonomy":"product_tag","embeddable":true,"href":"https:\/\/mebelunams.lv\/index.php?rest_route=%2Fwp%2Fv2%2Fproduct_tag&post=1050"}],"curies":[{"name":"wp","href":"https:\/\/api.w.org\/{rel}","templated":true}]}}