{"id":10405,"date":"2021-11-25T22:06:20","date_gmt":"2021-11-25T20:06:20","guid":{"rendered":"https:\/\/mebelunams.lv\/?post_type=product&#038;p=10405"},"modified":"2023-09-15T13:36:53","modified_gmt":"2023-09-15T11:36:53","slug":"kresls-cartoon-12","status":"publish","type":"product","link":"https:\/\/mebelunams.lv\/?product=kresls-cartoon-12","title":{"rendered":"kr\u0113sls CARTOON"},"content":{"rendered":"","protected":false},"excerpt":{"rendered":"<p>B\u0113rnu kr\u0113sls ar regul\u0113jamu atzveltnes augstumu.<br \/>\nRegul\u0113jams s\u0113dek\u013ca augstums (42.5-55.5 cm),<br \/>\nregul\u0113jams s\u0113dek\u013ca dzi\u013cums.<br \/>\nIesp\u0113jami da\u017e\u0101du kr\u0101su audumi .<br \/>\nStabila neilona piecstaru pamatne ar rite\u0146iem.<\/p>\n","protected":false},"featured_media":10423,"template":"","meta":{"neve_meta_sidebar":"","neve_meta_container":"","neve_meta_enable_content_width":"off","neve_meta_content_width":70,"neve_meta_title_alignment":"","neve_meta_author_avatar":"","neve_post_elements_order":"","neve_meta_disable_header":"","neve_meta_disable_footer":"","neve_meta_disable_title":""},"product_cat":[44],"product_tag":[],"_links":{"self":[{"href":"https:\/\/mebelunams.lv\/index.php?rest_route=\/wp\/v2\/product\/10405"}],"collection":[{"href":"https:\/\/mebelunams.lv\/index.php?rest_route=\/wp\/v2\/product"}],"about":[{"href":"https:\/\/mebelunams.lv\/index.php?rest_route=\/wp\/v2\/types\/product"}],"wp:featuredmedia":[{"embeddable":true,"href":"https:\/\/mebelunams.lv\/index.php?rest_route=\/wp\/v2\/media\/10423"}],"wp:attachment":[{"href":"https:\/\/mebelunams.lv\/index.php?rest_route=%2Fwp%2Fv2%2Fmedia&parent=10405"}],"wp:term":[{"taxonomy":"product_cat","embeddable":true,"href":"https:\/\/mebelunams.lv\/index.php?rest_route=%2Fwp%2Fv2%2Fproduct_cat&post=10405"},{"taxonomy":"product_tag","embeddable":true,"href":"https:\/\/mebelunams.lv\/index.php?rest_route=%2Fwp%2Fv2%2Fproduct_tag&post=10405"}],"curies":[{"name":"wp","href":"https:\/\/api.w.org\/{rel}","templated":true}]}}