{"id":10337,"date":"2024-06-27T14:21:54","date_gmt":"2024-06-27T12:21:54","guid":{"rendered":"https:\/\/mebelunams.lv\/?post_type=product&#038;p=10337"},"modified":"2024-06-27T14:21:55","modified_gmt":"2024-06-27T12:21:55","slug":"skapis-wnps323","status":"publish","type":"product","link":"https:\/\/mebelunams.lv\/?product=skapis-wnps323","title":{"rendered":"skapis WNPS323"},"content":{"rendered":"","protected":false},"excerpt":{"rendered":"<p>No veikala noliktavas iepakojum\u0101 tiek p\u0101rdots kvalitat\u012bvs skapis ar b\u012bd\u0101m\u0101m durv\u012bm.<\/p>\n<p>Kr\u0101sa: Sonomas ozols\/balts (balto var mont\u0113jot apgriezt uz otru pusi, viss skapis b\u016bs sonoma kras\u0101).<\/p>\n<p>\u0160aj\u0101 cen\u0101 pre\u010du skaits ir ierobe\u017eots.<\/p>\n<p><strong>\u2192 (garums)<\/strong> : 200 cm<\/p>\n<p><strong>\u2191 (augstums)<\/strong>\u00a0: 210 cm<\/p>\n<p><strong>\/ (dzi\u013cums)<\/strong>\u00a0: 62 cm<\/p>\n<p>&nbsp;<\/p>\n<p><strong>3 plauktu komplekts (skat. att\u0113l\u0101) +40 Eur<\/strong><\/p>\n<p><strong>bremz\u012btes durv\u012bm +35 Eur<\/strong><\/p>\n","protected":false},"featured_media":9002,"template":"","meta":{"neve_meta_sidebar":"","neve_meta_container":"","neve_meta_enable_content_width":"off","neve_meta_content_width":70,"neve_meta_title_alignment":"","neve_meta_author_avatar":"","neve_post_elements_order":"","neve_meta_disable_header":"","neve_meta_disable_footer":"","neve_meta_disable_title":""},"product_cat":[20],"product_tag":[],"_links":{"self":[{"href":"https:\/\/mebelunams.lv\/index.php?rest_route=\/wp\/v2\/product\/10337"}],"collection":[{"href":"https:\/\/mebelunams.lv\/index.php?rest_route=\/wp\/v2\/product"}],"about":[{"href":"https:\/\/mebelunams.lv\/index.php?rest_route=\/wp\/v2\/types\/product"}],"wp:featuredmedia":[{"embeddable":true,"href":"https:\/\/mebelunams.lv\/index.php?rest_route=\/wp\/v2\/media\/9002"}],"wp:attachment":[{"href":"https:\/\/mebelunams.lv\/index.php?rest_route=%2Fwp%2Fv2%2Fmedia&parent=10337"}],"wp:term":[{"taxonomy":"product_cat","embeddable":true,"href":"https:\/\/mebelunams.lv\/index.php?rest_route=%2Fwp%2Fv2%2Fproduct_cat&post=10337"},{"taxonomy":"product_tag","embeddable":true,"href":"https:\/\/mebelunams.lv\/index.php?rest_route=%2Fwp%2Fv2%2Fproduct_tag&post=10337"}],"curies":[{"name":"wp","href":"https:\/\/api.w.org\/{rel}","templated":true}]}}