{"id":10299,"date":"2021-10-05T17:35:36","date_gmt":"2021-10-05T15:35:36","guid":{"rendered":"https:\/\/mebelunams.lv\/?post_type=product&#038;p=10299"},"modified":"2022-11-04T21:23:01","modified_gmt":"2022-11-04T19:23:01","slug":"kresls-sf","status":"publish","type":"product","link":"https:\/\/mebelunams.lv\/?product=kresls-sf","title":{"rendered":"kr\u0113sls SF"},"content":{"rendered":"","protected":false},"excerpt":{"rendered":"<p>b\u0113rzs- 120 Eur<\/p>\n<p>osis &#8211; 156 Eur<\/p>\n<p>ozols &#8211; 180 Eur<\/p>\n<p>&nbsp;<\/p>\n<p>Ton\u0113\u0161ana: 15 Eur<\/p>\n<p><strong>Pas\u016btot cit\u0101 audum\u0101 no <\/strong><a href=\"https:\/\/www.litena.lt\/en\/katalogas\/litena-fabric-en\/\"><em>https:\/\/www.litena.lt\/\u00a0<\/em><\/a> <strong>, cena + 25 Eur<\/strong><\/p>\n","protected":false},"featured_media":12989,"template":"","meta":{"neve_meta_sidebar":"","neve_meta_container":"","neve_meta_enable_content_width":"off","neve_meta_content_width":70,"neve_meta_title_alignment":"","neve_meta_author_avatar":"","neve_post_elements_order":"","neve_meta_disable_header":"","neve_meta_disable_footer":"","neve_meta_disable_title":""},"product_cat":[46],"product_tag":[],"_links":{"self":[{"href":"https:\/\/mebelunams.lv\/index.php?rest_route=\/wp\/v2\/product\/10299"}],"collection":[{"href":"https:\/\/mebelunams.lv\/index.php?rest_route=\/wp\/v2\/product"}],"about":[{"href":"https:\/\/mebelunams.lv\/index.php?rest_route=\/wp\/v2\/types\/product"}],"wp:featuredmedia":[{"embeddable":true,"href":"https:\/\/mebelunams.lv\/index.php?rest_route=\/wp\/v2\/media\/12989"}],"wp:attachment":[{"href":"https:\/\/mebelunams.lv\/index.php?rest_route=%2Fwp%2Fv2%2Fmedia&parent=10299"}],"wp:term":[{"taxonomy":"product_cat","embeddable":true,"href":"https:\/\/mebelunams.lv\/index.php?rest_route=%2Fwp%2Fv2%2Fproduct_cat&post=10299"},{"taxonomy":"product_tag","embeddable":true,"href":"https:\/\/mebelunams.lv\/index.php?rest_route=%2Fwp%2Fv2%2Fproduct_tag&post=10299"}],"curies":[{"name":"wp","href":"https:\/\/api.w.org\/{rel}","templated":true}]}}