{"id":10238,"date":"2021-10-02T20:21:25","date_gmt":"2021-10-02T18:21:25","guid":{"rendered":"https:\/\/mebelunams.lv\/?post_type=product&#038;p=10238"},"modified":"2024-05-12T12:00:47","modified_gmt":"2024-05-12T10:00:47","slug":"masivkoka-taburete","status":"publish","type":"product","link":"https:\/\/mebelunams.lv\/?product=masivkoka-taburete","title":{"rendered":"mas\u012bvkoka taburete"},"content":{"rendered":"","protected":false},"excerpt":{"rendered":"<p>iesp\u0113ja pas\u016bt\u012bt cit\u0101s kr\u0101s\u0101s:<\/p>\n<p>&nbsp;<\/p>\n<p>rieksta tonis +15%<\/p>\n<p>piena tonis +20%<\/p>\n<p>mahagona tonis +30%<\/p>\n<table cellspacing=\"1\" cellpadding=\"1\" align=\"left\">\n<tbody>\n<tr>\n<td class=\"row_title\" align=\"left\">Augstums:<\/td>\n<td class=\"row_value\" align=\"left\" valign=\"top\">44 cm<\/td>\n<\/tr>\n<tr>\n<td class=\"row_title\" align=\"left\">Platums:<\/td>\n<td class=\"row_value\" align=\"left\" valign=\"top\">33 x 33 cm<\/td>\n<\/tr>\n<\/tbody>\n<\/table>\n","protected":false},"featured_media":10239,"template":"","meta":{"neve_meta_sidebar":"","neve_meta_container":"","neve_meta_enable_content_width":"off","neve_meta_content_width":70,"neve_meta_title_alignment":"","neve_meta_author_avatar":"","neve_post_elements_order":"","neve_meta_disable_header":"","neve_meta_disable_footer":"","neve_meta_disable_title":""},"product_cat":[46],"product_tag":[],"_links":{"self":[{"href":"https:\/\/mebelunams.lv\/index.php?rest_route=\/wp\/v2\/product\/10238"}],"collection":[{"href":"https:\/\/mebelunams.lv\/index.php?rest_route=\/wp\/v2\/product"}],"about":[{"href":"https:\/\/mebelunams.lv\/index.php?rest_route=\/wp\/v2\/types\/product"}],"wp:featuredmedia":[{"embeddable":true,"href":"https:\/\/mebelunams.lv\/index.php?rest_route=\/wp\/v2\/media\/10239"}],"wp:attachment":[{"href":"https:\/\/mebelunams.lv\/index.php?rest_route=%2Fwp%2Fv2%2Fmedia&parent=10238"}],"wp:term":[{"taxonomy":"product_cat","embeddable":true,"href":"https:\/\/mebelunams.lv\/index.php?rest_route=%2Fwp%2Fv2%2Fproduct_cat&post=10238"},{"taxonomy":"product_tag","embeddable":true,"href":"https:\/\/mebelunams.lv\/index.php?rest_route=%2Fwp%2Fv2%2Fproduct_tag&post=10238"}],"curies":[{"name":"wp","href":"https:\/\/api.w.org\/{rel}","templated":true}]}}