{"id":10194,"date":"2021-09-25T11:27:43","date_gmt":"2021-09-25T09:27:43","guid":{"rendered":"https:\/\/mebelunams.lv\/?post_type=product&#038;p=10194"},"modified":"2022-06-16T13:15:19","modified_gmt":"2022-06-16T11:15:19","slug":"matracis-bio-hard-4","status":"publish","type":"product","link":"https:\/\/mebelunams.lv\/?product=matracis-bio-hard-4","title":{"rendered":"matracis Bio Hard"},"content":{"rendered":"","protected":false},"excerpt":{"rendered":"<table>\n<tbody>\n<tr>\n<th>Platums:<\/th>\n<td>180<\/td>\n<\/tr>\n<tr>\n<th>Augstums:<\/th>\n<td>17<\/td>\n<\/tr>\n<tr>\n<th>Dzi\u013cums:<\/th>\n<td>200<\/td>\n<\/tr>\n<\/tbody>\n<\/table>\n<div class=\"product-details__desc-text\">\n<p>1.Vatel\u012bns<\/p>\n<p>2.Kokosa sl\u0101nis 20mm<\/p>\n<p>3.Porolons HR 20mm<\/p>\n<p>4.Kokosa sl\u0101nis 20mm<\/p>\n<p>5.Porolons HR 20mm<\/p>\n<p>6.Kokosa sl\u0101nis 20mm<\/p>\n<p>7.Porolons HR 20mm<\/p>\n<p>8.Kokosa sl\u0101nis 20mm<\/p>\n<p>9.Porolons HR 20mm<\/p>\n<p>\u0160is modelis attiecas uz\u00a0<strong>bezatsperu<\/strong>\u00a0<strong>matra\u010du<\/strong>\u00a0s\u0113riju ar v\u0101ji izteiktu ortop\u0113disko efektu. Elast\u012bga porolona HR un kokosa koiras kombin\u0101cija pie\u0161\u0137ir matracim\u00a0<strong>vid\u0113jo ciet\u012bbu<\/strong>, tuv\u0101k augstai.<\/p>\n<p><strong>Matra\u010da pild\u012bjums<\/strong>:\u00a0<em>porolons HR<\/em>\u00a0\u2013 ir moderns sint\u0113tisks materi\u0101ls, kas p\u0113c elast\u012bbas r\u0101d\u012bt\u0101jiem l\u012bdzin\u0101s lateksam, ta\u010du at\u0161\u0137ir\u012bb\u0101 no t\u0101\u00a0 ir ciet\u0101ks. Porolons HR ir atsper\u012bgs, ilgi kalpojo\u0161s un var iztur\u0113t lielu spiedienu.<em>Kokosa koira<\/em><strong>\u00a0<\/strong>\u2013 augu izcelsmes materi\u0101ls, tam piem\u012bt augstas ortop\u0113diskas \u012bpa\u0161\u012bbas, lieliski ventil\u0113jas, nov\u0113r\u0161 mitruma uzkr\u0101\u0161anos, ka ar\u012b putek\u013cu \u0113rc\u012b\u0161u vairo\u0161anos matrac\u012b.<\/p>\n<p><strong>Lielisks ieguvums<\/strong>\u00a0b\u0113rniem, cilv\u0113kiem ar mugurkaula slim\u012bb\u0101m, ar palielin\u0101tu svaru vai vienk\u0101r\u0161i tiem, kam pat\u012bk gul\u0113t uz l\u012bdzenas, vingras virsmas.<\/p>\n<\/div>\n","protected":false},"featured_media":10176,"template":"","meta":{"neve_meta_sidebar":"","neve_meta_container":"","neve_meta_enable_content_width":"off","neve_meta_content_width":70,"neve_meta_title_alignment":"","neve_meta_author_avatar":"","neve_post_elements_order":"","neve_meta_disable_header":"","neve_meta_disable_footer":"","neve_meta_disable_title":""},"product_cat":[53],"product_tag":[],"_links":{"self":[{"href":"https:\/\/mebelunams.lv\/index.php?rest_route=\/wp\/v2\/product\/10194"}],"collection":[{"href":"https:\/\/mebelunams.lv\/index.php?rest_route=\/wp\/v2\/product"}],"about":[{"href":"https:\/\/mebelunams.lv\/index.php?rest_route=\/wp\/v2\/types\/product"}],"wp:featuredmedia":[{"embeddable":true,"href":"https:\/\/mebelunams.lv\/index.php?rest_route=\/wp\/v2\/media\/10176"}],"wp:attachment":[{"href":"https:\/\/mebelunams.lv\/index.php?rest_route=%2Fwp%2Fv2%2Fmedia&parent=10194"}],"wp:term":[{"taxonomy":"product_cat","embeddable":true,"href":"https:\/\/mebelunams.lv\/index.php?rest_route=%2Fwp%2Fv2%2Fproduct_cat&post=10194"},{"taxonomy":"product_tag","embeddable":true,"href":"https:\/\/mebelunams.lv\/index.php?rest_route=%2Fwp%2Fv2%2Fproduct_tag&post=10194"}],"curies":[{"name":"wp","href":"https:\/\/api.w.org\/{rel}","templated":true}]}}