{"id":851,"date":"2020-09-04T14:37:28","date_gmt":"2020-09-04T12:37:28","guid":{"rendered":"http:\/\/mebelunams.lv\/?page_id=851"},"modified":"2021-07-08T15:24:41","modified_gmt":"2021-07-08T13:24:41","slug":"galdi","status":"publish","type":"page","link":"https:\/\/mebelunams.lv\/?page_id=851","title":{"rendered":"galdi"},"content":{"rendered":"\n<figure class=\"wp-block-gallery columns-2 is-cropped wp-block-gallery-1 is-layout-flex wp-block-gallery-is-layout-flex\"><ul class=\"blocks-gallery-grid\"><li class=\"blocks-gallery-item\"><figure><img loading=\"lazy\" decoding=\"async\" width=\"1024\" height=\"1024\" src=\"https:\/\/mebelunams.lv\/wp-content\/uploads\/2021\/07\/IMG_20200909_210100-1-1024x1024.jpg\" alt=\"\" data-id=\"8778\" data-full-url=\"https:\/\/mebelunams.lv\/wp-content\/uploads\/2021\/07\/IMG_20200909_210100-1.jpg\" data-link=\"https:\/\/mebelunams.lv\/?attachment_id=8778\" class=\"wp-image-8778\" srcset=\"https:\/\/mebelunams.lv\/wp-content\/uploads\/2021\/07\/IMG_20200909_210100-1-1024x1024.jpg 1024w, https:\/\/mebelunams.lv\/wp-content\/uploads\/2021\/07\/IMG_20200909_210100-1-300x300.jpg 300w, https:\/\/mebelunams.lv\/wp-content\/uploads\/2021\/07\/IMG_20200909_210100-1-150x150.jpg 150w, https:\/\/mebelunams.lv\/wp-content\/uploads\/2021\/07\/IMG_20200909_210100-1-768x768.jpg 768w, https:\/\/mebelunams.lv\/wp-content\/uploads\/2021\/07\/IMG_20200909_210100-1-600x600.jpg 600w, https:\/\/mebelunams.lv\/wp-content\/uploads\/2021\/07\/IMG_20200909_210100-1-100x100.jpg 100w, https:\/\/mebelunams.lv\/wp-content\/uploads\/2021\/07\/IMG_20200909_210100-1-64x64.jpg 64w, https:\/\/mebelunams.lv\/wp-content\/uploads\/2021\/07\/IMG_20200909_210100-1.jpg 1200w\" sizes=\"(max-width: 1024px) 100vw, 1024px\" \/><figcaption class=\"blocks-gallery-item__caption\"><strong><em><a href=\"https:\/\/mebelunams.lv\/?product_cat=edamgaldi\"><span class=\"has-inline-color has-nv-site-bg-color\">\u0112DAMGALDI<\/span><\/a><\/em><\/strong><\/figcaption><\/figure><\/li><li class=\"blocks-gallery-item\"><figure><img loading=\"lazy\" decoding=\"async\" width=\"1024\" height=\"1024\" src=\"https:\/\/mebelunams.lv\/wp-content\/uploads\/2021\/07\/IMG_20200909_211607-1-1024x1024.jpg\" alt=\"\" data-id=\"8779\" data-full-url=\"https:\/\/mebelunams.lv\/wp-content\/uploads\/2021\/07\/IMG_20200909_211607-1.jpg\" data-link=\"https:\/\/mebelunams.lv\/?attachment_id=8779\" class=\"wp-image-8779\" srcset=\"https:\/\/mebelunams.lv\/wp-content\/uploads\/2021\/07\/IMG_20200909_211607-1-1024x1024.jpg 1024w, https:\/\/mebelunams.lv\/wp-content\/uploads\/2021\/07\/IMG_20200909_211607-1-300x300.jpg 300w, https:\/\/mebelunams.lv\/wp-content\/uploads\/2021\/07\/IMG_20200909_211607-1-150x150.jpg 150w, https:\/\/mebelunams.lv\/wp-content\/uploads\/2021\/07\/IMG_20200909_211607-1-768x768.jpg 768w, https:\/\/mebelunams.lv\/wp-content\/uploads\/2021\/07\/IMG_20200909_211607-1-600x600.jpg 600w, https:\/\/mebelunams.lv\/wp-content\/uploads\/2021\/07\/IMG_20200909_211607-1-100x100.jpg 100w, https:\/\/mebelunams.lv\/wp-content\/uploads\/2021\/07\/IMG_20200909_211607-1-64x64.jpg 64w, https:\/\/mebelunams.lv\/wp-content\/uploads\/2021\/07\/IMG_20200909_211607-1.jpg 1200w\" sizes=\"(max-width: 1024px) 100vw, 1024px\" \/><figcaption class=\"blocks-gallery-item__caption\"><a href=\"https:\/\/mebelunams.lv\/?product_cat=galdi-transformeri\"><em><strong><span class=\"has-inline-color has-nv-site-bg-color\">GALDI-TRANSFORMERI<\/span><\/strong><\/em><\/a><\/figcaption><\/figure><\/li><li class=\"blocks-gallery-item\"><figure><img loading=\"lazy\" decoding=\"async\" width=\"1000\" height=\"1000\" src=\"https:\/\/mebelunams.lv\/wp-content\/uploads\/2021\/07\/iv-100-rakstamgalds1813-1-1.jpg\" alt=\"\" data-id=\"8780\" data-full-url=\"https:\/\/mebelunams.lv\/wp-content\/uploads\/2021\/07\/iv-100-rakstamgalds1813-1-1.jpg\" data-link=\"https:\/\/mebelunams.lv\/?attachment_id=8780\" class=\"wp-image-8780\" srcset=\"https:\/\/mebelunams.lv\/wp-content\/uploads\/2021\/07\/iv-100-rakstamgalds1813-1-1.jpg 1000w, https:\/\/mebelunams.lv\/wp-content\/uploads\/2021\/07\/iv-100-rakstamgalds1813-1-1-300x300.jpg 300w, https:\/\/mebelunams.lv\/wp-content\/uploads\/2021\/07\/iv-100-rakstamgalds1813-1-1-150x150.jpg 150w, https:\/\/mebelunams.lv\/wp-content\/uploads\/2021\/07\/iv-100-rakstamgalds1813-1-1-768x768.jpg 768w, https:\/\/mebelunams.lv\/wp-content\/uploads\/2021\/07\/iv-100-rakstamgalds1813-1-1-600x600.jpg 600w, https:\/\/mebelunams.lv\/wp-content\/uploads\/2021\/07\/iv-100-rakstamgalds1813-1-1-100x100.jpg 100w, https:\/\/mebelunams.lv\/wp-content\/uploads\/2021\/07\/iv-100-rakstamgalds1813-1-1-64x64.jpg 64w\" sizes=\"(max-width: 1000px) 100vw, 1000px\" \/><figcaption class=\"blocks-gallery-item__caption\"><a href=\"https:\/\/mebelunams.lv\/?product_cat=rakstamgaldi\"><strong><em><span class=\"has-inline-color has-nv-site-bg-color\">RAKST\u0100MGALDI<\/span><\/em><\/strong><\/a><\/figcaption><\/figure><\/li><li class=\"blocks-gallery-item\"><figure><img loading=\"lazy\" decoding=\"async\" width=\"1024\" height=\"1024\" src=\"https:\/\/mebelunams.lv\/wp-content\/uploads\/2021\/07\/IMG_20200909_212449-1-1024x1024.jpg\" alt=\"\" data-id=\"8781\" data-full-url=\"https:\/\/mebelunams.lv\/wp-content\/uploads\/2021\/07\/IMG_20200909_212449-1.jpg\" data-link=\"https:\/\/mebelunams.lv\/?attachment_id=8781\" class=\"wp-image-8781\" srcset=\"https:\/\/mebelunams.lv\/wp-content\/uploads\/2021\/07\/IMG_20200909_212449-1-1024x1024.jpg 1024w, https:\/\/mebelunams.lv\/wp-content\/uploads\/2021\/07\/IMG_20200909_212449-1-300x300.jpg 300w, https:\/\/mebelunams.lv\/wp-content\/uploads\/2021\/07\/IMG_20200909_212449-1-150x150.jpg 150w, https:\/\/mebelunams.lv\/wp-content\/uploads\/2021\/07\/IMG_20200909_212449-1-768x768.jpg 768w, https:\/\/mebelunams.lv\/wp-content\/uploads\/2021\/07\/IMG_20200909_212449-1-600x600.jpg 600w, https:\/\/mebelunams.lv\/wp-content\/uploads\/2021\/07\/IMG_20200909_212449-1-100x100.jpg 100w, https:\/\/mebelunams.lv\/wp-content\/uploads\/2021\/07\/IMG_20200909_212449-1-64x64.jpg 64w, https:\/\/mebelunams.lv\/wp-content\/uploads\/2021\/07\/IMG_20200909_212449-1.jpg 1200w\" sizes=\"(max-width: 1024px) 100vw, 1024px\" \/><figcaption class=\"blocks-gallery-item__caption\"><a href=\"https:\/\/mebelunams.lv\/?product_cat=zurnalgaldini\"><strong><em><span class=\"has-inline-color has-nv-site-bg-color\">\u017dURN\u0100LGALDI\u0145I<\/span><\/em><\/strong><\/a><\/figcaption><\/figure><\/li><\/ul><\/figure>\n","protected":false},"excerpt":{"rendered":"","protected":false},"author":1,"featured_media":0,"parent":0,"menu_order":0,"comment_status":"closed","ping_status":"closed","template":"","meta":{"neve_meta_sidebar":"","neve_meta_container":"contained","neve_meta_enable_content_width":"","neve_meta_content_width":0,"neve_meta_title_alignment":"","neve_meta_author_avatar":"","neve_post_elements_order":"","neve_meta_disable_header":"","neve_meta_disable_footer":"","neve_meta_disable_title":"on","footnotes":""},"_links":{"self":[{"href":"https:\/\/mebelunams.lv\/index.php?rest_route=\/wp\/v2\/pages\/851"}],"collection":[{"href":"https:\/\/mebelunams.lv\/index.php?rest_route=\/wp\/v2\/pages"}],"about":[{"href":"https:\/\/mebelunams.lv\/index.php?rest_route=\/wp\/v2\/types\/page"}],"author":[{"embeddable":true,"href":"https:\/\/mebelunams.lv\/index.php?rest_route=\/wp\/v2\/users\/1"}],"replies":[{"embeddable":true,"href":"https:\/\/mebelunams.lv\/index.php?rest_route=%2Fwp%2Fv2%2Fcomments&post=851"}],"version-history":[{"count":6,"href":"https:\/\/mebelunams.lv\/index.php?rest_route=\/wp\/v2\/pages\/851\/revisions"}],"predecessor-version":[{"id":8783,"href":"https:\/\/mebelunams.lv\/index.php?rest_route=\/wp\/v2\/pages\/851\/revisions\/8783"}],"wp:attachment":[{"href":"https:\/\/mebelunams.lv\/index.php?rest_route=%2Fwp%2Fv2%2Fmedia&parent=851"}],"curies":[{"name":"wp","href":"https:\/\/api.w.org\/{rel}","templated":true}]}}