{"id":71,"date":"2020-08-22T14:09:41","date_gmt":"2020-08-22T12:09:41","guid":{"rendered":"http:\/\/mebelunams.lv\/?page_id=71"},"modified":"2021-07-08T15:09:38","modified_gmt":"2021-07-08T13:09:38","slug":"divani","status":"publish","type":"page","link":"https:\/\/mebelunams.lv\/?page_id=71","title":{"rendered":"d\u012bv\u0101ni"},"content":{"rendered":"\n<figure class=\"wp-block-gallery columns-2 is-cropped wp-block-gallery-1 is-layout-flex wp-block-gallery-is-layout-flex\"><ul class=\"blocks-gallery-grid\"><li class=\"blocks-gallery-item\"><figure><img loading=\"lazy\" decoding=\"async\" width=\"1024\" height=\"1024\" src=\"https:\/\/mebelunams.lv\/wp-content\/uploads\/2021\/07\/IMG_20200912_130118-1-1024x1024.jpg\" alt=\"\" data-id=\"8758\" data-full-url=\"https:\/\/mebelunams.lv\/wp-content\/uploads\/2021\/07\/IMG_20200912_130118-1.jpg\" data-link=\"https:\/\/mebelunams.lv\/?attachment_id=8758\" class=\"wp-image-8758\" srcset=\"https:\/\/mebelunams.lv\/wp-content\/uploads\/2021\/07\/IMG_20200912_130118-1-1024x1024.jpg 1024w, https:\/\/mebelunams.lv\/wp-content\/uploads\/2021\/07\/IMG_20200912_130118-1-300x300.jpg 300w, https:\/\/mebelunams.lv\/wp-content\/uploads\/2021\/07\/IMG_20200912_130118-1-150x150.jpg 150w, https:\/\/mebelunams.lv\/wp-content\/uploads\/2021\/07\/IMG_20200912_130118-1-768x768.jpg 768w, https:\/\/mebelunams.lv\/wp-content\/uploads\/2021\/07\/IMG_20200912_130118-1-600x600.jpg 600w, https:\/\/mebelunams.lv\/wp-content\/uploads\/2021\/07\/IMG_20200912_130118-1-100x100.jpg 100w, https:\/\/mebelunams.lv\/wp-content\/uploads\/2021\/07\/IMG_20200912_130118-1-64x64.jpg 64w, https:\/\/mebelunams.lv\/wp-content\/uploads\/2021\/07\/IMG_20200912_130118-1.jpg 1200w\" sizes=\"(max-width: 1024px) 100vw, 1024px\" \/><figcaption class=\"blocks-gallery-item__caption\"><a href=\"https:\/\/mebelunams.lv\/?product_cat=divani-divani\"><strong><em><span class=\"has-inline-color has-nv-text-dark-bg-color\">D\u012aV\u0100NI<\/span><\/em><\/strong><\/a> <\/figcaption><\/figure><\/li><li class=\"blocks-gallery-item\"><figure><img loading=\"lazy\" decoding=\"async\" width=\"1024\" height=\"1024\" src=\"https:\/\/mebelunams.lv\/wp-content\/uploads\/2021\/07\/IMG_20200909_180909-1-1024x1024.jpg\" alt=\"\" data-id=\"8759\" data-full-url=\"https:\/\/mebelunams.lv\/wp-content\/uploads\/2021\/07\/IMG_20200909_180909-1.jpg\" data-link=\"https:\/\/mebelunams.lv\/?attachment_id=8759\" class=\"wp-image-8759\" srcset=\"https:\/\/mebelunams.lv\/wp-content\/uploads\/2021\/07\/IMG_20200909_180909-1-1024x1024.jpg 1024w, https:\/\/mebelunams.lv\/wp-content\/uploads\/2021\/07\/IMG_20200909_180909-1-300x300.jpg 300w, https:\/\/mebelunams.lv\/wp-content\/uploads\/2021\/07\/IMG_20200909_180909-1-150x150.jpg 150w, https:\/\/mebelunams.lv\/wp-content\/uploads\/2021\/07\/IMG_20200909_180909-1-768x768.jpg 768w, https:\/\/mebelunams.lv\/wp-content\/uploads\/2021\/07\/IMG_20200909_180909-1-600x600.jpg 600w, https:\/\/mebelunams.lv\/wp-content\/uploads\/2021\/07\/IMG_20200909_180909-1-100x100.jpg 100w, https:\/\/mebelunams.lv\/wp-content\/uploads\/2021\/07\/IMG_20200909_180909-1-64x64.jpg 64w, https:\/\/mebelunams.lv\/wp-content\/uploads\/2021\/07\/IMG_20200909_180909-1.jpg 1200w\" sizes=\"(max-width: 1024px) 100vw, 1024px\" \/><figcaption class=\"blocks-gallery-item__caption\"><a href=\"https:\/\/mebelunams.lv\/?product_cat=stura-divani\"><strong><em><span class=\"has-inline-color has-nv-site-bg-color\">ST\u016aRA D\u012aV\u0100NI<\/span><\/em><\/strong><\/a><\/figcaption><\/figure><\/li><li class=\"blocks-gallery-item\"><figure><img loading=\"lazy\" decoding=\"async\" width=\"780\" height=\"548\" src=\"https:\/\/mebelunams.lv\/wp-content\/uploads\/2021\/07\/liene-1.png\" alt=\"\" data-id=\"8760\" data-full-url=\"https:\/\/mebelunams.lv\/wp-content\/uploads\/2021\/07\/liene-1.png\" data-link=\"https:\/\/mebelunams.lv\/?attachment_id=8760\" class=\"wp-image-8760\" srcset=\"https:\/\/mebelunams.lv\/wp-content\/uploads\/2021\/07\/liene-1.png 780w, https:\/\/mebelunams.lv\/wp-content\/uploads\/2021\/07\/liene-1-300x211.png 300w, https:\/\/mebelunams.lv\/wp-content\/uploads\/2021\/07\/liene-1-768x540.png 768w, https:\/\/mebelunams.lv\/wp-content\/uploads\/2021\/07\/liene-1-600x422.png 600w, https:\/\/mebelunams.lv\/wp-content\/uploads\/2021\/07\/liene-1-64x45.png 64w\" sizes=\"(max-width: 780px) 100vw, 780px\" \/><figcaption class=\"blocks-gallery-item__caption\"><a href=\"https:\/\/mebelunams.lv\/?product_cat=tahtas\"><em><strong><span class=\"has-inline-color has-nv-text-dark-bg-color\">TAHTAS<\/span><\/strong><\/em><\/a><\/figcaption><\/figure><\/li><li class=\"blocks-gallery-item\"><figure><img loading=\"lazy\" decoding=\"async\" width=\"800\" height=\"542\" src=\"https:\/\/mebelunams.lv\/wp-content\/uploads\/2021\/07\/10_5f16945d17b991595315293-1.jpg\" alt=\"\" data-id=\"8761\" data-full-url=\"https:\/\/mebelunams.lv\/wp-content\/uploads\/2021\/07\/10_5f16945d17b991595315293-1.jpg\" data-link=\"https:\/\/mebelunams.lv\/?attachment_id=8761\" class=\"wp-image-8761\" srcset=\"https:\/\/mebelunams.lv\/wp-content\/uploads\/2021\/07\/10_5f16945d17b991595315293-1.jpg 800w, https:\/\/mebelunams.lv\/wp-content\/uploads\/2021\/07\/10_5f16945d17b991595315293-1-300x203.jpg 300w, https:\/\/mebelunams.lv\/wp-content\/uploads\/2021\/07\/10_5f16945d17b991595315293-1-768x520.jpg 768w, https:\/\/mebelunams.lv\/wp-content\/uploads\/2021\/07\/10_5f16945d17b991595315293-1-600x407.jpg 600w, https:\/\/mebelunams.lv\/wp-content\/uploads\/2021\/07\/10_5f16945d17b991595315293-1-64x43.jpg 64w\" sizes=\"(max-width: 800px) 100vw, 800px\" \/><figcaption class=\"blocks-gallery-item__caption\"><a href=\"https:\/\/mebelunams.lv\/?product_cat=pufi-banketes\"><em><strong><span class=\"has-inline-color has-nv-site-bg-color\">PUFI, BANKETES<\/span><\/strong><\/em><\/a><\/figcaption><\/figure><\/li><\/ul><\/figure>\n\n\n\n<p><\/p>\n","protected":false},"excerpt":{"rendered":"","protected":false},"author":1,"featured_media":0,"parent":0,"menu_order":0,"comment_status":"closed","ping_status":"closed","template":"","meta":{"neve_meta_sidebar":"","neve_meta_container":"contained","neve_meta_enable_content_width":"","neve_meta_content_width":0,"neve_meta_title_alignment":"","neve_meta_author_avatar":"","neve_post_elements_order":"","neve_meta_disable_header":"off","neve_meta_disable_footer":"off","neve_meta_disable_title":"on","footnotes":""},"_links":{"self":[{"href":"https:\/\/mebelunams.lv\/index.php?rest_route=\/wp\/v2\/pages\/71"}],"collection":[{"href":"https:\/\/mebelunams.lv\/index.php?rest_route=\/wp\/v2\/pages"}],"about":[{"href":"https:\/\/mebelunams.lv\/index.php?rest_route=\/wp\/v2\/types\/page"}],"author":[{"embeddable":true,"href":"https:\/\/mebelunams.lv\/index.php?rest_route=\/wp\/v2\/users\/1"}],"replies":[{"embeddable":true,"href":"https:\/\/mebelunams.lv\/index.php?rest_route=%2Fwp%2Fv2%2Fcomments&post=71"}],"version-history":[{"count":13,"href":"https:\/\/mebelunams.lv\/index.php?rest_route=\/wp\/v2\/pages\/71\/revisions"}],"predecessor-version":[{"id":8764,"href":"https:\/\/mebelunams.lv\/index.php?rest_route=\/wp\/v2\/pages\/71\/revisions\/8764"}],"wp:attachment":[{"href":"https:\/\/mebelunams.lv\/index.php?rest_route=%2Fwp%2Fv2%2Fmedia&parent=71"}],"curies":[{"name":"wp","href":"https:\/\/api.w.org\/{rel}","templated":true}]}}