{"id":3543,"date":"2021-06-04T12:56:03","date_gmt":"2021-06-04T10:56:03","guid":{"rendered":"https:\/\/mebelunams.lv\/?page_id=3543"},"modified":"2024-04-23T13:02:23","modified_gmt":"2024-04-23T11:02:23","slug":"par-mums-2","status":"publish","type":"page","link":"https:\/\/mebelunams.lv\/?page_id=3543","title":{"rendered":"par mums"},"content":{"rendered":"\n<h2 class=\"wp-block-heading has-text-align-center\"><mark style=\"background-color:rgba(0, 0, 0, 0);color:#046f9c\" class=\"has-inline-color\">Tel. 20 20 74 88<\/mark><\/h2>\n\n\n\n<p class=\"has-text-align-center\"><strong>P-P &nbsp; &nbsp; 10:00 &#8211; 20:00<br>S&nbsp;&nbsp; &nbsp; &nbsp; &nbsp; 10:00 &#8211; 18:00<br>Sv&nbsp;&nbsp; &nbsp; &nbsp; 10:00 &#8211; 16:00<\/strong><\/p>\n\n\n\n<p class=\"has-text-align-center\"><strong><em><mark style=\"background-color:rgba(0, 0, 0, 0)\" class=\"has-inline-color has-neve-link-hover-color-color\">info@egmebeles.lv -pre\u010du pas\u016bt\u012b\u0161anai, jaut\u0101jumiem<br><\/mark><\/em><br><\/strong>Latgales iela 322, R\u012bga<\/p>\n\n\n<div class=\"wp-block-image\">\n<figure class=\"aligncenter size-full is-resized\"><img loading=\"lazy\" decoding=\"async\" width=\"1024\" height=\"768\" src=\"https:\/\/mebelunams.lv\/wp-content\/uploads\/2023\/03\/WhatsApp-Image-2023-03-01-at-05.23.41-1.jpeg\" alt=\"\" class=\"wp-image-14654\" style=\"width:768px;height:576px\" srcset=\"https:\/\/mebelunams.lv\/wp-content\/uploads\/2023\/03\/WhatsApp-Image-2023-03-01-at-05.23.41-1.jpeg 1024w, https:\/\/mebelunams.lv\/wp-content\/uploads\/2023\/03\/WhatsApp-Image-2023-03-01-at-05.23.41-1-300x225.jpeg 300w, https:\/\/mebelunams.lv\/wp-content\/uploads\/2023\/03\/WhatsApp-Image-2023-03-01-at-05.23.41-1-768x576.jpeg 768w, https:\/\/mebelunams.lv\/wp-content\/uploads\/2023\/03\/WhatsApp-Image-2023-03-01-at-05.23.41-1-600x450.jpeg 600w, https:\/\/mebelunams.lv\/wp-content\/uploads\/2023\/03\/WhatsApp-Image-2023-03-01-at-05.23.41-1-64x48.jpeg 64w\" sizes=\"(max-width: 1024px) 100vw, 1024px\" \/><\/figure><\/div>\n\n\n<p><\/p>\n\n\n\n<figure class=\"wp-block-gallery aligncenter has-nested-images columns-default is-cropped wp-block-gallery-1 is-layout-flex wp-block-gallery-is-layout-flex\">\n<figure class=\"wp-block-image size-large\"><img loading=\"lazy\" decoding=\"async\" width=\"1024\" height=\"506\" data-id=\"17646\" src=\"https:\/\/mebelunams.lv\/wp-content\/uploads\/2024\/04\/karte-1024x506.png\" alt=\"\" class=\"wp-image-17646\" srcset=\"https:\/\/mebelunams.lv\/wp-content\/uploads\/2024\/04\/karte-1024x506.png 1024w, https:\/\/mebelunams.lv\/wp-content\/uploads\/2024\/04\/karte-300x148.png 300w, https:\/\/mebelunams.lv\/wp-content\/uploads\/2024\/04\/karte-768x380.png 768w, https:\/\/mebelunams.lv\/wp-content\/uploads\/2024\/04\/karte-600x296.png 600w, https:\/\/mebelunams.lv\/wp-content\/uploads\/2024\/04\/karte-64x32.png 64w, https:\/\/mebelunams.lv\/wp-content\/uploads\/2024\/04\/karte.png 1370w\" sizes=\"(max-width: 1024px) 100vw, 1024px\" \/><figcaption class=\"wp-element-caption\"><a href=\"https:\/\/www.google.com\/maps\/place\/Maskavas+iela+322,+Latgales+priek%C5%A1pils%C4%93ta,+R%C4%ABga,+LV-1063\/@56.9214511,24.059539,10.75z\/data=!4m5!3m4!1s0x46eed21647d72c5b:0x642d85a8512d36bd!8m2!3d56.9041!4d24.191996\"><span class=\"has-inline-color has-nv-site-bg-color\"><em><strong>apskat\u012bt kart\u0113<\/strong><\/em><\/span><\/a><\/figcaption><\/figure>\n<\/figure>\n\n\n\n<h2 class=\"wp-block-heading has-text-align-center\"><mark style=\"background-color:rgba(0, 0, 0, 0)\" class=\"has-inline-color has-neve-link-color-color\">Pre\u010du pieg\u0101de<\/mark><\/h2>\n\n\n\n<p><strong>Preci bez pieg\u0101des maksas ir iesp\u0113jams sa\u0146emt pre\u010du izkrau\u0161anas\/iekrau\u0161anas viet\u0101 \u2013 veikal\u0101 EG M\u0113beles, R\u012bg\u0101, Latgales iel\u0101 322<\/strong><\/p>\n\n\n\n<p><strong>Visus ar pre\u010du pieg\u0101di, ne\u0161anu un mont\u0101\u017eu saist\u012btos darbus veic m\u016bsu sadarb\u012bbas partneri, kas specializ\u0113jas min\u0113to pakalpojumu snieg\u0161an\u0101.<\/strong><br><br><strong>Pieg\u0101des izmaksas R\u012bg\u0101&nbsp;&nbsp;no 15.00 \u20ac &#8211; 40.00&nbsp;\u20ac&nbsp;. Pieg\u0101des izmaksas l\u012bdz J\u016bsu adresei varat noskaidrot m\u016bsu veikal\u0101 vai zvanot uz tel. nr. 20207488<\/strong><\/p>\n\n\n\n<p><br><strong>Pre\u010du pieg\u0101de bez uzne\u0161anas pakalpojuma ir paredz\u0113ta l\u012bdz m\u0101jas \u0101rdurv\u012bm, J\u016bsu pas\u016bt\u012bjum\u0101 nor\u0101d\u012btaj\u0101 adres\u0113.<\/strong><\/p>\n\n\n\n<hr class=\"wp-block-separator has-css-opacity\"\/>\n\n\n\n<p><br><strong>Pieg\u0101des un citu servisa pakalpojumu izmaksas Latvijas teritorij\u0101 \u0101rpus R\u012bgas robe\u017e\u0101m<\/strong> <strong>tiek atrun\u0101tas veikal\u0101 vai zvanot uz tel. nr. 20207488.<\/strong><\/p>\n\n\n\n<p><strong>Nepiecie\u0161am\u012bbas gad\u012bjum\u0101 varam pal\u012bdz\u0113t organiz\u0113t pre\u010du nos\u016bt\u012b\u0161anu \u0101rpus Latvijas robe\u017e\u0101m.<\/strong><\/p>\n\n\n\n<h2 class=\"wp-block-heading has-text-align-center\"><mark style=\"background-color:rgba(0, 0, 0, 0)\" class=\"has-inline-color has-neve-link-color-color\">Nor\u0113\u0137inu veidi<\/mark><\/h2>\n\n\n\n<p><strong><span class=\"has-inline-color has-neve-link-hover-color-color\">Priv\u0101tperson\u0101m<\/span><\/strong><\/p>\n\n\n\n<ul>\n<li><strong>Skaidr\u0101 naud\u0101<\/strong><\/li>\n<\/ul>\n\n\n\n<p>Pie preces sa\u0146em\u0161anas J\u016bs samaks\u0101siet kurjeram nepiecie\u0161amo naudas summu, pret\u012b sa\u0146emot kases \u010deku. L\u016bgums sagatavot prec\u012bzu naudas summu apmaksai.&nbsp;<\/p>\n\n\n\n<ul>\n<li><strong>P\u0101rskait\u012bjums<\/strong><\/li>\n<\/ul>\n\n\n\n<p>Uz J\u016bsu nor\u0101d\u012bto e-pasta adresi tiks nos\u016bt\u012bts avansa r\u0113\u0137ins. Preci var\u0113siet sa\u0146emt p\u0113c tam, kad nauda b\u016bs ien\u0101kusi m\u016bsu kont\u0101. Preces izsnieg\u0161anas br\u012bd\u012b J\u016bs sa\u0146emsiet pre\u010du pavadz\u012bmi.<\/p>\n\n\n\n<ul>\n<li><strong>L\u012bzings<\/strong><\/li>\n<\/ul>\n\n\n\n<p>S\u012bk\u0101ka inform\u0101cija par l\u012bzinga nosac\u012bjumiem, zvanot (+371)&nbsp;<strong>20-20-74-88<\/strong>, <a href=\"https:\/\/www.holmbank.lv\/lv\/privatpersonam\">Kred\u012btu nodro\u0161ina SIA Holm Bank Latvia<\/a>.<\/p>\n\n\n\n<p><strong><span class=\"has-inline-color has-neve-link-hover-color-color\">Juridisk\u0101m person\u0101m<\/span><\/strong><\/p>\n\n\n\n<ul>\n<li><strong>Skaidr\u0101 naud\u0101<\/strong><\/li>\n<\/ul>\n\n\n\n<p>Sa\u0146emot preci, J\u016bs samaks\u0101siet pieg\u0101d\u0101t\u0101jam nepiecie\u0161amo naudas summu, pret\u012b sa\u0146emot \u010deku. L\u016bgums, sagatavot prec\u012bzu naudu apmaksai. Nor\u0113\u0137inu veids \u201eskaidra nauda\u201d iesp\u0113jams tikai R\u012bg\u0101.<\/p>\n\n\n\n<ul>\n<li><strong>P\u0101rskait\u012bjums<\/strong><\/li>\n<\/ul>\n\n\n\n<p>Uz J\u016bsu nor\u0101d\u012bto e-pasta adresi tiks nos\u016bt\u012bts avansa r\u0113\u0137ins, kas j\u0101apmaks\u0101 pirms preces sa\u0146em\u0161anas, ja vien nav nosl\u0113gts sadarb\u012bbas l\u012bgums, kas paredz citus nosac\u012bjumus.&nbsp;<strong>SVAR\u012aGI:<\/strong>&nbsp;pas\u016bt\u012bjuma sa\u0146\u0113m\u0113jam oblig\u0101ti j\u0101uzr\u0101da uz\u0146\u0113muma izsniegta pilnvara un personu apliecino\u0161s dokuments. Kop\u0101 ar pas\u016bt\u012bjumu tiek izsniegta pavadz\u012bme.<\/p>\n\n\n\n<h2 class=\"wp-block-heading has-text-align-center\"><mark style=\"background-color:rgba(0, 0, 0, 0)\" class=\"has-inline-color has-neve-link-color-color\">Garantija<\/mark><\/h2>\n\n\n\n<p><strong>Pre\u010du garantijas termi\u0146i<\/strong>.<br><br>Par pre\u010du garantijas termi\u0146u tiek uzskat\u012bti 24 m\u0113ne\u0161i no br\u012b\u017ea, kad klients sa\u0146em preci. Pirmo se\u0161u m\u0113ne\u0161u laik\u0101 tiek uzskat\u012bts, ka precei tr\u016bkums ir bijis jau pirk\u0161anas-p\u0101rdo\u0161anas br\u012bd\u012b, un t\u0101 veidu j\u0101nosaka p\u0101rdev\u0113jam. Ja runa ir par ra\u017eo\u0161anas defektu, tad klientam ir ties\u012bbas piepras\u012bt preces remontu, vai, ja tas nav iesp\u0113jams vai ir neefekt\u012bvi, preces apmai\u0146u. Ja preci ir iesp\u0113jams salabot, tad piepras\u012bt preces apmai\u0146u nav iesp\u0113jams, t\u0101 k\u0101 tas rad\u012btu nelietder\u012bgus t\u0113ri\u0146us p\u0101rdev\u0113jam.<br>Garantijas laiks darbojas no br\u012b\u017ea, kad prece tiek nodota klientam un klients paraksta aktu par preces sa\u0146em\u0161anu. Pamatojums garantijas pakalpojumu veik\u0161anai ir M\u0113be\u013cu Pieg\u0101des L\u012bgums.<br><br><strong>UZMAN\u012aBU!<\/strong><br>M\u0113s neesam atbild\u012bgi par:<\/p>\n\n\n\n<ul>\n<li>preces boj\u0101jumiem, kuri radu\u0161ies J\u016bsu vainas vai neuzman\u012bbas d\u0113\u013c<\/li>\n\n\n\n<li>defektiem, kas radu\u0161ies izmantojot preci m\u0113r\u0137iem, kam t\u0101 nav paredz\u0113ta<\/li>\n\n\n\n<li>dabisku preces nolieto\u0161anos parastas izmanto\u0161anas gad\u012bjum\u0101<\/li>\n<\/ul>\n\n\n\n<p>M\u0113s iesakam Jums p\u0101rbaud\u012bt nopirkto preci uzreiz, sa\u0146em\u0161anas br\u012bd\u012b.<\/p>\n","protected":false},"excerpt":{"rendered":"<p>Tel. 20 20 74 88 P-P &nbsp; &nbsp; 10:00 &#8211; 20:00S&nbsp;&nbsp; &nbsp; &nbsp; &nbsp; 10:00 &#8211; 18:00Sv&nbsp;&nbsp; &nbsp; &nbsp; 10:00 &#8211; 16:00 info@egmebeles.lv -pre\u010du pas\u016bt\u012b\u0161anai, jaut\u0101jumiemLatgales iela 322, R\u012bga Pre\u010du pieg\u0101de Preci bez pieg\u0101des maksas ir iesp\u0113jams sa\u0146emt pre\u010du izkrau\u0161anas\/iekrau\u0161anas viet\u0101 \u2013 veikal\u0101 EG M\u0113beles, R\u012bg\u0101, Latgales iel\u0101 322 Visus ar pre\u010du pieg\u0101di, ne\u0161anu un&hellip;&nbsp;<a href=\"https:\/\/mebelunams.lv\/?page_id=3543\" rel=\"bookmark\">Read More &raquo;<span class=\"screen-reader-text\">par mums<\/span><\/a><\/p>\n","protected":false},"author":1,"featured_media":0,"parent":0,"menu_order":0,"comment_status":"closed","ping_status":"closed","template":"","meta":{"neve_meta_sidebar":"full-width","neve_meta_container":"default","neve_meta_enable_content_width":"on","neve_meta_content_width":100,"neve_meta_title_alignment":"center","neve_meta_author_avatar":"","neve_post_elements_order":"","neve_meta_disable_header":"","neve_meta_disable_footer":"","neve_meta_disable_title":"on","footnotes":""},"_links":{"self":[{"href":"https:\/\/mebelunams.lv\/index.php?rest_route=\/wp\/v2\/pages\/3543"}],"collection":[{"href":"https:\/\/mebelunams.lv\/index.php?rest_route=\/wp\/v2\/pages"}],"about":[{"href":"https:\/\/mebelunams.lv\/index.php?rest_route=\/wp\/v2\/types\/page"}],"author":[{"embeddable":true,"href":"https:\/\/mebelunams.lv\/index.php?rest_route=\/wp\/v2\/users\/1"}],"replies":[{"embeddable":true,"href":"https:\/\/mebelunams.lv\/index.php?rest_route=%2Fwp%2Fv2%2Fcomments&post=3543"}],"version-history":[{"count":10,"href":"https:\/\/mebelunams.lv\/index.php?rest_route=\/wp\/v2\/pages\/3543\/revisions"}],"predecessor-version":[{"id":17647,"href":"https:\/\/mebelunams.lv\/index.php?rest_route=\/wp\/v2\/pages\/3543\/revisions\/17647"}],"wp:attachment":[{"href":"https:\/\/mebelunams.lv\/index.php?rest_route=%2Fwp%2Fv2%2Fmedia&parent=3543"}],"curies":[{"name":"wp","href":"https:\/\/api.w.org\/{rel}","templated":true}]}}