{"id":1159,"date":"2020-09-07T19:44:55","date_gmt":"2020-09-07T17:44:55","guid":{"rendered":"http:\/\/mebelunams.lv\/?page_id=1159"},"modified":"2025-08-26T07:55:16","modified_gmt":"2025-08-26T05:55:16","slug":"mebelu-serijas","status":"publish","type":"page","link":"https:\/\/mebelunams.lv\/?page_id=1159","title":{"rendered":"m\u0113be\u013cu s\u0113rijas"},"content":{"rendered":"\n<div class=\"wp-block-columns is-layout-flex wp-container-core-columns-layout-1 wp-block-columns-is-layout-flex\">\n<div class=\"wp-block-column is-layout-flow wp-block-column-is-layout-flow\">\n<figure class=\"wp-block-image size-large\"><img loading=\"lazy\" decoding=\"async\" width=\"1024\" height=\"609\" src=\"https:\/\/mebelunams.lv\/wp-content\/uploads\/2024\/10\/zeno-1024x609.png\" alt=\"\" class=\"wp-image-17979\" srcset=\"https:\/\/mebelunams.lv\/wp-content\/uploads\/2024\/10\/zeno-1024x609.png 1024w, https:\/\/mebelunams.lv\/wp-content\/uploads\/2024\/10\/zeno-300x178.png 300w, https:\/\/mebelunams.lv\/wp-content\/uploads\/2024\/10\/zeno-768x457.png 768w, https:\/\/mebelunams.lv\/wp-content\/uploads\/2024\/10\/zeno-600x357.png 600w, https:\/\/mebelunams.lv\/wp-content\/uploads\/2024\/10\/zeno-64x38.png 64w, https:\/\/mebelunams.lv\/wp-content\/uploads\/2024\/10\/zeno.png 1122w\" sizes=\"(max-width: 1024px) 100vw, 1024px\" \/><\/figure>\n<\/div>\n\n\n\n<div class=\"wp-block-column is-layout-flow wp-block-column-is-layout-flow\">\n<h2 class=\"wp-block-heading alignwide has-text-align-left\">Zeno<\/h2>\n\n\n\n<div class=\"wp-block-buttons is-layout-flex wp-block-buttons-is-layout-flex\">\n<div class=\"wp-block-button\"><a class=\"wp-block-button__link wp-element-button\" href=\"https:\/\/mebelunams.lv\/?product_cat=zeno\">skat\u012bt<\/a><\/div>\n<\/div>\n<\/div>\n<\/div>\n\n\n\n<div class=\"wp-block-columns is-layout-flex wp-container-core-columns-layout-2 wp-block-columns-is-layout-flex\">\n<div class=\"wp-block-column is-layout-flow wp-block-column-is-layout-flow\">\n<figure class=\"wp-block-image size-large\"><img loading=\"lazy\" decoding=\"async\" width=\"1024\" height=\"589\" src=\"https:\/\/mebelunams.lv\/wp-content\/uploads\/2024\/03\/elatha-2-1024x589.jpg\" alt=\"\" class=\"wp-image-17205\" srcset=\"https:\/\/mebelunams.lv\/wp-content\/uploads\/2024\/03\/elatha-2-1024x589.jpg 1024w, https:\/\/mebelunams.lv\/wp-content\/uploads\/2024\/03\/elatha-2-300x173.jpg 300w, https:\/\/mebelunams.lv\/wp-content\/uploads\/2024\/03\/elatha-2-768x442.jpg 768w, https:\/\/mebelunams.lv\/wp-content\/uploads\/2024\/03\/elatha-2-1536x884.jpg 1536w, https:\/\/mebelunams.lv\/wp-content\/uploads\/2024\/03\/elatha-2-2048x1178.jpg 2048w, https:\/\/mebelunams.lv\/wp-content\/uploads\/2024\/03\/elatha-2-600x345.jpg 600w, https:\/\/mebelunams.lv\/wp-content\/uploads\/2024\/03\/elatha-2-64x37.jpg 64w\" sizes=\"(max-width: 1024px) 100vw, 1024px\" \/><\/figure>\n<\/div>\n\n\n\n<div class=\"wp-block-column is-layout-flow wp-block-column-is-layout-flow\">\n<p><\/p>\n\n\n\n<h2 class=\"wp-block-heading\">Elatha<\/h2>\n\n\n\n<div class=\"wp-block-buttons is-layout-flex wp-block-buttons-is-layout-flex\">\n<div class=\"wp-block-button\"><a class=\"wp-block-button__link wp-element-button\" href=\"https:\/\/mebelunams.lv\/?product_cat=elatha\">skat\u012bt<\/a><\/div>\n<\/div>\n<\/div>\n<\/div>\n\n\n\n<div class=\"wp-block-columns is-layout-flex wp-container-core-columns-layout-4 wp-block-columns-is-layout-flex\">\n<div class=\"wp-block-column is-layout-flow wp-block-column-is-layout-flow\">\n<div class=\"wp-block-columns is-layout-flex wp-container-core-columns-layout-3 wp-block-columns-is-layout-flex\">\n<div class=\"wp-block-column is-layout-flow wp-block-column-is-layout-flow\">\n<figure class=\"wp-block-image size-large\"><img loading=\"lazy\" decoding=\"async\" width=\"1024\" height=\"563\" src=\"https:\/\/mebelunams.lv\/wp-content\/uploads\/2023\/11\/Joadakis-1024x563.png\" alt=\"\" class=\"wp-image-16017\" srcset=\"https:\/\/mebelunams.lv\/wp-content\/uploads\/2023\/11\/Joadakis-1024x563.png 1024w, https:\/\/mebelunams.lv\/wp-content\/uploads\/2023\/11\/Joadakis-300x165.png 300w, https:\/\/mebelunams.lv\/wp-content\/uploads\/2023\/11\/Joadakis-768x422.png 768w, https:\/\/mebelunams.lv\/wp-content\/uploads\/2023\/11\/Joadakis-600x330.png 600w, https:\/\/mebelunams.lv\/wp-content\/uploads\/2023\/11\/Joadakis-64x35.png 64w, https:\/\/mebelunams.lv\/wp-content\/uploads\/2023\/11\/Joadakis.png 1148w\" sizes=\"(max-width: 1024px) 100vw, 1024px\" \/><\/figure>\n<\/div>\n\n\n\n<div class=\"wp-block-column is-layout-flow wp-block-column-is-layout-flow\">\n<p class=\"has-large-font-size\">Joadakis<\/p>\n\n\n\n<div class=\"wp-block-buttons is-layout-flex wp-block-buttons-is-layout-flex\">\n<div class=\"wp-block-button\"><a class=\"wp-block-button__link wp-element-button\" href=\"https:\/\/mebelunams.lv\/?product_cat=joadakis\">skat\u012bt<\/a><\/div>\n<\/div>\n<\/div>\n<\/div>\n<\/div>\n<\/div>\n\n\n\n<p><\/p>\n\n\n\n<div class=\"wp-block-media-text alignwide is-stacked-on-mobile\"><figure class=\"wp-block-media-text__media\"><img loading=\"lazy\" decoding=\"async\" width=\"1024\" height=\"566\" src=\"https:\/\/mebelunams.lv\/wp-content\/uploads\/2022\/07\/11636548946-1-1024x566.jpg\" alt=\"\" class=\"wp-image-12050 size-full\" srcset=\"https:\/\/mebelunams.lv\/wp-content\/uploads\/2022\/07\/11636548946-1-1024x566.jpg 1024w, https:\/\/mebelunams.lv\/wp-content\/uploads\/2022\/07\/11636548946-1-300x166.jpg 300w, https:\/\/mebelunams.lv\/wp-content\/uploads\/2022\/07\/11636548946-1-768x424.jpg 768w, https:\/\/mebelunams.lv\/wp-content\/uploads\/2022\/07\/11636548946-1-1536x848.jpg 1536w, https:\/\/mebelunams.lv\/wp-content\/uploads\/2022\/07\/11636548946-1-600x331.jpg 600w, https:\/\/mebelunams.lv\/wp-content\/uploads\/2022\/07\/11636548946-1-64x35.jpg 64w, https:\/\/mebelunams.lv\/wp-content\/uploads\/2022\/07\/11636548946-1.jpg 1680w\" sizes=\"(max-width: 1024px) 100vw, 1024px\" \/><\/figure><div class=\"wp-block-media-text__content\">\n<p class=\"has-large-font-size\">Trondheim<\/p>\n\n\n\n<div class=\"wp-block-buttons is-layout-flex wp-block-buttons-is-layout-flex\">\n<div class=\"wp-block-button\"><a class=\"wp-block-button__link wp-element-button\" href=\"https:\/\/mebelunams.lv\/?product_cat=trondheim\">skat\u012bt<\/a><\/div>\n<\/div>\n<\/div><\/div>\n\n\n\n<p><\/p>\n\n\n\n<div class=\"wp-block-columns is-layout-flex wp-container-core-columns-layout-5 wp-block-columns-is-layout-flex\">\n<div class=\"wp-block-column is-layout-flow wp-block-column-is-layout-flow\">\n<figure class=\"wp-block-image size-full\"><img loading=\"lazy\" decoding=\"async\" width=\"995\" height=\"550\" src=\"https:\/\/mebelunams.lv\/wp-content\/uploads\/2023\/05\/Elzzan_living_C87_008-1.jpg\" alt=\"\" class=\"wp-image-15056\" srcset=\"https:\/\/mebelunams.lv\/wp-content\/uploads\/2023\/05\/Elzzan_living_C87_008-1.jpg 995w, https:\/\/mebelunams.lv\/wp-content\/uploads\/2023\/05\/Elzzan_living_C87_008-1-300x166.jpg 300w, https:\/\/mebelunams.lv\/wp-content\/uploads\/2023\/05\/Elzzan_living_C87_008-1-768x425.jpg 768w, https:\/\/mebelunams.lv\/wp-content\/uploads\/2023\/05\/Elzzan_living_C87_008-1-600x332.jpg 600w, https:\/\/mebelunams.lv\/wp-content\/uploads\/2023\/05\/Elzzan_living_C87_008-1-64x35.jpg 64w\" sizes=\"(max-width: 995px) 100vw, 995px\" \/><\/figure>\n<\/div>\n\n\n\n<div class=\"wp-block-column is-layout-flow wp-block-column-is-layout-flow\">\n<p class=\"has-large-font-size\">Elzzan<\/p>\n\n\n\n<div class=\"wp-block-buttons is-layout-flex wp-block-buttons-is-layout-flex\">\n<div class=\"wp-block-button\"><a class=\"wp-block-button__link wp-element-button\" href=\"https:\/\/mebelunams.lv\/?product_cat=elzzan\">skat\u012bt<\/a><\/div>\n<\/div>\n<\/div>\n<\/div>\n\n\n\n<p><\/p>\n\n\n\n<div class=\"wp-block-media-text alignwide is-stacked-on-mobile\"><figure class=\"wp-block-media-text__media\"><img loading=\"lazy\" decoding=\"async\" width=\"800\" height=\"500\" src=\"https:\/\/mebelunams.lv\/wp-content\/uploads\/2022\/07\/bonni1-1.jpg\" alt=\"\" class=\"wp-image-12053 size-full\" srcset=\"https:\/\/mebelunams.lv\/wp-content\/uploads\/2022\/07\/bonni1-1.jpg 800w, https:\/\/mebelunams.lv\/wp-content\/uploads\/2022\/07\/bonni1-1-300x188.jpg 300w, https:\/\/mebelunams.lv\/wp-content\/uploads\/2022\/07\/bonni1-1-768x480.jpg 768w, https:\/\/mebelunams.lv\/wp-content\/uploads\/2022\/07\/bonni1-1-600x375.jpg 600w, https:\/\/mebelunams.lv\/wp-content\/uploads\/2022\/07\/bonni1-1-64x40.jpg 64w\" sizes=\"(max-width: 800px) 100vw, 800px\" \/><\/figure><div class=\"wp-block-media-text__content\">\n<p class=\"has-large-font-size\">Virginia<\/p>\n\n\n\n<div class=\"wp-block-buttons is-layout-flex wp-block-buttons-is-layout-flex\">\n<div class=\"wp-block-button\"><a class=\"wp-block-button__link wp-element-button\" href=\"https:\/\/mebelunams.lv\/?product_cat=virginia\">skat\u012bt<\/a><\/div>\n<\/div>\n<\/div><\/div>\n\n\n\n<p><\/p>\n\n\n\n<div class=\"wp-block-media-text alignwide is-stacked-on-mobile\"><figure class=\"wp-block-media-text__media\"><img loading=\"lazy\" decoding=\"async\" width=\"1024\" height=\"610\" src=\"https:\/\/mebelunams.lv\/wp-content\/uploads\/2022\/07\/baltimore-1024x610.jpg\" alt=\"\" class=\"wp-image-12055 size-full\" srcset=\"https:\/\/mebelunams.lv\/wp-content\/uploads\/2022\/07\/baltimore-1024x610.jpg 1024w, https:\/\/mebelunams.lv\/wp-content\/uploads\/2022\/07\/baltimore-300x179.jpg 300w, https:\/\/mebelunams.lv\/wp-content\/uploads\/2022\/07\/baltimore-768x457.jpg 768w, https:\/\/mebelunams.lv\/wp-content\/uploads\/2022\/07\/baltimore-600x357.jpg 600w, https:\/\/mebelunams.lv\/wp-content\/uploads\/2022\/07\/baltimore-64x38.jpg 64w, https:\/\/mebelunams.lv\/wp-content\/uploads\/2022\/07\/baltimore.jpg 1186w\" sizes=\"(max-width: 1024px) 100vw, 1024px\" \/><\/figure><div class=\"wp-block-media-text__content\">\n<p class=\"has-large-font-size\">Baltimore<\/p>\n\n\n\n<div class=\"wp-block-buttons is-layout-flex wp-block-buttons-is-layout-flex\">\n<div class=\"wp-block-button\"><a class=\"wp-block-button__link wp-element-button\" href=\"https:\/\/mebelunams.lv\/?product_cat=baltimore\">skat\u012bt<\/a><\/div>\n<\/div>\n<\/div><\/div>\n\n\n\n<p><\/p>\n\n\n\n<div class=\"wp-block-media-text alignwide is-stacked-on-mobile\"><figure class=\"wp-block-media-text__media\"><img loading=\"lazy\" decoding=\"async\" width=\"419\" height=\"291\" src=\"https:\/\/mebelunams.lv\/wp-content\/uploads\/2022\/07\/img-19-2.jpg\" alt=\"\" class=\"wp-image-12057 size-full\" srcset=\"https:\/\/mebelunams.lv\/wp-content\/uploads\/2022\/07\/img-19-2.jpg 419w, https:\/\/mebelunams.lv\/wp-content\/uploads\/2022\/07\/img-19-2-300x208.jpg 300w, https:\/\/mebelunams.lv\/wp-content\/uploads\/2022\/07\/img-19-2-64x44.jpg 64w\" sizes=\"(max-width: 419px) 100vw, 419px\" \/><\/figure><div class=\"wp-block-media-text__content\">\n<p class=\"has-large-font-size\">Ritz<\/p>\n\n\n\n<div class=\"wp-block-buttons is-layout-flex wp-block-buttons-is-layout-flex\">\n<div class=\"wp-block-button\"><a class=\"wp-block-button__link wp-element-button\" href=\"https:\/\/mebelunams.lv\/?product_cat=ritz\">skat\u012bt<\/a><\/div>\n<\/div>\n<\/div><\/div>\n\n\n\n<p><\/p>\n\n\n\n<p><\/p>\n\n\n\n<div class=\"wp-block-media-text alignwide is-stacked-on-mobile\"><figure class=\"wp-block-media-text__media\"><img loading=\"lazy\" decoding=\"async\" width=\"800\" height=\"441\" src=\"https:\/\/mebelunams.lv\/wp-content\/uploads\/2022\/07\/stgulist-2.jpg\" alt=\"\" class=\"wp-image-12061 size-full\" srcset=\"https:\/\/mebelunams.lv\/wp-content\/uploads\/2022\/07\/stgulist-2.jpg 800w, https:\/\/mebelunams.lv\/wp-content\/uploads\/2022\/07\/stgulist-2-300x165.jpg 300w, https:\/\/mebelunams.lv\/wp-content\/uploads\/2022\/07\/stgulist-2-768x423.jpg 768w, https:\/\/mebelunams.lv\/wp-content\/uploads\/2022\/07\/stgulist-2-600x331.jpg 600w, https:\/\/mebelunams.lv\/wp-content\/uploads\/2022\/07\/stgulist-2-64x35.jpg 64w\" sizes=\"(max-width: 800px) 100vw, 800px\" \/><\/figure><div class=\"wp-block-media-text__content\">\n<p class=\"has-large-font-size\">Starlet \/ Sienna<\/p>\n\n\n\n<div class=\"wp-block-buttons is-layout-flex wp-block-buttons-is-layout-flex\">\n<div class=\"wp-block-button\"><a class=\"wp-block-button__link wp-element-button\" href=\"https:\/\/mebelunams.lv\/?product_cat=starlet-sienna\">skat\u012bt<\/a><\/div>\n<\/div>\n<\/div><\/div>\n\n\n\n<p><\/p>\n\n\n\n<div class=\"wp-block-media-text alignwide is-stacked-on-mobile\"><figure class=\"wp-block-media-text__media\"><img loading=\"lazy\" decoding=\"async\" width=\"1024\" height=\"1004\" src=\"https:\/\/mebelunams.lv\/wp-content\/uploads\/2022\/07\/dabigas-priedes-masivkoka-kumode-amata-1024x1004-1-1.jpg\" alt=\"\" class=\"wp-image-12063 size-full\" srcset=\"https:\/\/mebelunams.lv\/wp-content\/uploads\/2022\/07\/dabigas-priedes-masivkoka-kumode-amata-1024x1004-1-1.jpg 1024w, https:\/\/mebelunams.lv\/wp-content\/uploads\/2022\/07\/dabigas-priedes-masivkoka-kumode-amata-1024x1004-1-1-300x294.jpg 300w, https:\/\/mebelunams.lv\/wp-content\/uploads\/2022\/07\/dabigas-priedes-masivkoka-kumode-amata-1024x1004-1-1-768x753.jpg 768w, https:\/\/mebelunams.lv\/wp-content\/uploads\/2022\/07\/dabigas-priedes-masivkoka-kumode-amata-1024x1004-1-1-600x588.jpg 600w, https:\/\/mebelunams.lv\/wp-content\/uploads\/2022\/07\/dabigas-priedes-masivkoka-kumode-amata-1024x1004-1-1-64x63.jpg 64w\" sizes=\"(max-width: 1024px) 100vw, 1024px\" \/><\/figure><div class=\"wp-block-media-text__content\">\n<p class=\"has-large-font-size\">Amata<\/p>\n\n\n\n<div class=\"wp-block-buttons is-layout-flex wp-block-buttons-is-layout-flex\">\n<div class=\"wp-block-button\"><a class=\"wp-block-button__link wp-element-button\" href=\"https:\/\/mebelunams.lv\/?product_cat=amata\">skat\u012bt<\/a><\/div>\n<\/div>\n<\/div><\/div>\n\n\n\n<p><\/p>\n\n\n\n<div class=\"wp-block-media-text alignwide is-stacked-on-mobile\"><figure class=\"wp-block-media-text__media\"><img loading=\"lazy\" decoding=\"async\" width=\"538\" height=\"538\" src=\"https:\/\/mebelunams.lv\/wp-content\/uploads\/2022\/07\/dsc00434-3.jpg\" alt=\"\" class=\"wp-image-12065 size-full\" srcset=\"https:\/\/mebelunams.lv\/wp-content\/uploads\/2022\/07\/dsc00434-3.jpg 538w, https:\/\/mebelunams.lv\/wp-content\/uploads\/2022\/07\/dsc00434-3-300x300.jpg 300w, https:\/\/mebelunams.lv\/wp-content\/uploads\/2022\/07\/dsc00434-3-150x150.jpg 150w, https:\/\/mebelunams.lv\/wp-content\/uploads\/2022\/07\/dsc00434-3-100x100.jpg 100w, https:\/\/mebelunams.lv\/wp-content\/uploads\/2022\/07\/dsc00434-3-64x64.jpg 64w\" sizes=\"(max-width: 538px) 100vw, 538px\" \/><\/figure><div class=\"wp-block-media-text__content\">\n<p class=\"has-large-font-size\">Eta<\/p>\n\n\n\n<div class=\"wp-block-buttons is-layout-flex wp-block-buttons-is-layout-flex\">\n<div class=\"wp-block-button\"><a class=\"wp-block-button__link wp-element-button\" href=\"https:\/\/mebelunams.lv\/?product_cat=eta\">skat\u012bt<\/a><\/div>\n<\/div>\n<\/div><\/div>\n","protected":false},"excerpt":{"rendered":"<p>Zeno Elatha Joadakis Elzzan<\/p>\n","protected":false},"author":1,"featured_media":0,"parent":0,"menu_order":0,"comment_status":"closed","ping_status":"closed","template":"","meta":{"neve_meta_sidebar":"","neve_meta_container":"","neve_meta_enable_content_width":"","neve_meta_content_width":0,"neve_meta_title_alignment":"","neve_meta_author_avatar":"","neve_post_elements_order":"","neve_meta_disable_header":"","neve_meta_disable_footer":"","neve_meta_disable_title":"on","footnotes":""},"_links":{"self":[{"href":"https:\/\/mebelunams.lv\/index.php?rest_route=\/wp\/v2\/pages\/1159"}],"collection":[{"href":"https:\/\/mebelunams.lv\/index.php?rest_route=\/wp\/v2\/pages"}],"about":[{"href":"https:\/\/mebelunams.lv\/index.php?rest_route=\/wp\/v2\/types\/page"}],"author":[{"embeddable":true,"href":"https:\/\/mebelunams.lv\/index.php?rest_route=\/wp\/v2\/users\/1"}],"replies":[{"embeddable":true,"href":"https:\/\/mebelunams.lv\/index.php?rest_route=%2Fwp%2Fv2%2Fcomments&post=1159"}],"version-history":[{"count":42,"href":"https:\/\/mebelunams.lv\/index.php?rest_route=\/wp\/v2\/pages\/1159\/revisions"}],"predecessor-version":[{"id":19172,"href":"https:\/\/mebelunams.lv\/index.php?rest_route=\/wp\/v2\/pages\/1159\/revisions\/19172"}],"wp:attachment":[{"href":"https:\/\/mebelunams.lv\/index.php?rest_route=%2Fwp%2Fv2%2Fmedia&parent=1159"}],"curies":[{"name":"wp","href":"https:\/\/api.w.org\/{rel}","templated":true}]}}